{"id":69,"date":"2021-04-19T18:18:00","date_gmt":"2021-04-19T16:18:00","guid":{"rendered":"http:\/\/parafiaskrzydlna.pl\/?page_id=69"},"modified":"2022-01-13T12:09:33","modified_gmt":"2022-01-13T11:09:33","slug":"historia-parafii","status":"publish","type":"page","link":"https:\/\/parafiaskrzydlna.pl\/index.php\/historia-parafii\/","title":{"rendered":"Historia Parafii"},"content":{"rendered":"\n<p><br><\/p>\n\n\n<h3 style=\"text-align: center;\"><strong data-rich-text-format-boundary=\"true\">Wybrane daty z historii parafii i ko\u015bcio\u0142a autorstwa \u015bp. J\u00f3zefa Koniecznego wraz z uzupe\u0142nieniem historii obecnej<\/strong><\/h3>\n<p style=\"text-align: center;\"><strong>1296<\/strong><br data-rich-text-line-break=\"true\" \/>Przypuszczalna data powstania parafii Skrzydlna.<br data-rich-text-line-break=\"true\" \/><strong>1315<\/strong><br data-rich-text-line-break=\"true\" \/>Dokument (orygina\u0142?) erekcji parafii znajduj\u0105cy si\u0119 w Ku\u00adrii Tarnowskiej.<br data-rich-text-line-break=\"true\" \/><strong>1325<\/strong><br data-rich-text-line-break=\"true\" \/>Dow\u00f3d op\u0142acania przez proboszcza skrzydla\u0144skiego tzw. \u015awi\u0119topietrza.<br data-rich-text-line-break=\"true\" \/><strong>1326<\/strong><br data-rich-text-line-break=\"true\" \/>W dokumencie lokacji D\u0119bna na Podhalu wyst\u0119puje proboszcz ze Skrzydlnej, jako parafii.<br data-rich-text-line-break=\"true\" \/><strong>ok. 1473<\/strong><br data-rich-text-line-break=\"true\" \/>O parafii w Skrzydlnej wspomina w swej Kronice Jan D\u0142ugosz.<br data-rich-text-line-break=\"true\" \/><strong>ok. 1519<\/strong><br data-rich-text-line-break=\"true\" \/>Ufundowano do o\u0142tarza g\u0142\u00f3wnego obraz Matki Bo\u017cej z Dzieci\u0105tkiem Jezus i \u015bw. Stanis\u0142awem, biskupem oraz \u015bw. Miko\u0142ajem, dzie\u0142o Stanis\u0142aw Samostrzelnika, Szko\u0142a Krakowska, (zosta\u0142 skradziony)<br data-rich-text-line-break=\"true\" \/><strong>1567-1587<\/strong><br data-rich-text-line-break=\"true\" \/>Powstaje nagrobek fundatora ko\u015bcio\u0142a Prokopa Pieni\u0105\u017cka<br data-rich-text-line-break=\"true\" \/><strong>1596<\/strong><br data-rich-text-line-break=\"true\" \/>Parafia Skrzydlna wyst\u0119puje w aktach Kurii Metropolitarnej w Krakowie z racji wizytacji.<br data-rich-text-line-break=\"true\" \/><strong>1621<\/strong><br data-rich-text-line-break=\"true\" \/>Konsekracja ko\u015bcio\u0142a \u015bw. bpa Miko\u0142aja.<br data-rich-text-line-break=\"true\" \/><strong>1622<\/strong><br data-rich-text-line-break=\"true\" \/>Informacja ks. Pabiskowicza o krypcie pod prezbiterium zape\u0142nionej trumnami szlachty i kap\u0142an\u00f3w.<br data-rich-text-line-break=\"true\" \/><strong>1707<\/strong><br data-rich-text-line-break=\"true\" \/>Ufundowanie dzwonu do ko\u015bcio\u0142a<br data-rich-text-line-break=\"true\" \/><strong>1730<\/strong><br data-rich-text-line-break=\"true\" \/>Informacja wizytacyjna Ks. Bp Micha\u0142a Kunickiego o nowym, g\u0142\u00f3wnym i drewnianym o\u0142tarzu barokowym.<br data-rich-text-line-break=\"true\" \/><strong>1765<\/strong><br data-rich-text-line-break=\"true\" \/>Ufundowanie kolejnego dzwonu do ko\u015bcio\u0142a.<br data-rich-text-line-break=\"true\" \/><strong>1780<\/strong><br data-rich-text-line-break=\"true\" \/>Powstanie cmentarza \u201epod G\u00f3rk\u0105&#8221;, przy drodze na Wol\u0119 Skrzydla\u0144sk\u0105.<br data-rich-text-line-break=\"true\" \/><strong>1809<\/strong><br data-rich-text-line-break=\"true\" \/>Powstanie obrazu \u015bw. Miko\u0142aja, kt\u00f3ry by\u0142 na zasuwie obrazu g\u0142\u00f3wnego o\u0142tarza.<br data-rich-text-line-break=\"true\" \/><strong>1820<\/strong><br data-rich-text-line-break=\"true\" \/>Wolnostoj\u0105ca dzwonnica zostaje usuni\u0119ta a jednocze\u015bnie zostaje do nawy ko\u015bcio\u0142a dobudowana wie\u017ca,<br data-rich-text-line-break=\"true\" \/><strong>ok. 1850<\/strong><br data-rich-text-line-break=\"true\" \/>Powstanie cmentarza na \u0141ugowinie.<br data-rich-text-line-break=\"true\" \/><strong>1869<\/strong><br data-rich-text-line-break=\"true\" \/>Jod\u0142ownik i Kostrza, kt\u00f3re nale\u017c\u0105 do parafii w Skrzydlnej, po oddzieleniu si\u0119 od niej, tworz\u0105 w\u0142asne parafie.<br data-rich-text-line-break=\"true\" \/><strong>1880<\/strong><br data-rich-text-line-break=\"true\" \/>Dobudowano kaplic\u0119 boczn\u0105 od p\u00f3\u0142nocy, fundacji J\u00f3zefa Cie\u015blaka, w\u00f3jta w Skrzydlnej.<br data-rich-text-line-break=\"true\" \/><strong>XIX w.<\/strong><br data-rich-text-line-break=\"true\" \/>Kasina oddziela si\u0119 od Skrzydlnej i tworzy w\u0142asn\u0105 parafi\u0119. (inf. w\u0142.)<br data-rich-text-line-break=\"true\" \/><strong>ok. 1890<\/strong><br data-rich-text-line-break=\"true\" \/>Ufundowano obraz \u015bw. Anny. 26 lipca by\u0142 obchodzony w parafii odpust drugorz\u0119dny<br data-rich-text-line-break=\"true\" \/><strong>1906<\/strong><br data-rich-text-line-break=\"true\" \/>Ks. Gawro\u0144ski ufundowa\u0142 figur\u0119 Matki Bo\u017cej R\u00f3\u017ca\u0144cowej oraz stacji Drogi Krzy\u017cowej, (kt\u00f3re sprowadzono z Francji \u2013 (inf. W\u0142.)<br data-rich-text-line-break=\"true\" \/><strong>1917<\/strong><br data-rich-text-line-break=\"true\" \/>Skonfiskowano dzwony z wie\u017cy ko\u015bcio\u0142a na cele wojenne.<br data-rich-text-line-break=\"true\" \/><strong>1925<\/strong><br data-rich-text-line-break=\"true\" \/>Poszerzono ch\u00f3r i zakupiono nowe organy.<br data-rich-text-line-break=\"true\" \/><strong>1937<\/strong><br data-rich-text-line-break=\"true\" \/>Ufundowano dzwon do ko\u015bcio\u0142a (odlany u. Szwabego w Bia\u0142ej). Dzwon pw. \u015bw. Miko\u0142aja biskupa zosta\u0142 ufundowany z okazji 40-lecia proboszczowania ks. Antoniego Gawro\u0144skiego (inf. w\u0142.)<br data-rich-text-line-break=\"true\" \/><strong>1959<\/strong><br data-rich-text-line-break=\"true\" \/>Remont wie\u017cy (inf. w\u0142.)<br data-rich-text-line-break=\"true\" \/><strong>1974<\/strong><br data-rich-text-line-break=\"true\" \/>Budowa obecnej, murowanej plebani, powstaj\u0105 plany budowy nowego budynku ko\u015bcio\u0142a, rozpoczyna si\u0119 budowa nowego ko\u015bcio\u0142a<br data-rich-text-line-break=\"true\" \/><strong>1983<\/strong><br data-rich-text-line-break=\"true\" \/>Budynek ko\u015bcio\u0142a w stanie surowym (bez stropodachu)<br data-rich-text-line-break=\"true\" \/><strong>1990<\/strong><br data-rich-text-line-break=\"true\" \/>Po\u015bwi\u0119cenie dolnej kaplicy (w podziemiach ko\u015bcio\u0142a) i rozpocz\u0119cie sprawowania liturgii w nowej \u015bwi\u0105tyni<br data-rich-text-line-break=\"true\" \/><strong>2000<\/strong><br data-rich-text-line-break=\"true\" \/>Konsekracja g\u0142\u00f3wnego o\u0142tarza nowego ko\u015bcio\u0142a, przez J.E. Ks. Biskupa Ordynariusza Diecezji Tarnowskiej Wiktora Skworca<br data-rich-text-line-break=\"true\" \/><strong>2013<\/strong><br data-rich-text-line-break=\"true\" \/>rozpocz\u0119cie renowacji zabytkowej \u015bwi\u0105tyni pw. \u015aw. Miko\u0142aja i starania o przywr\u00f3cenie jej dawnej \u015bwietno\u015bci.<br data-rich-text-line-break=\"true\" \/><strong>2013<\/strong><br data-rich-text-line-break=\"true\" \/>rozpocz\u0119cie generalnego remontu nowej \u015bwi\u0105tyni podyktowanego dostosowaniem budynku do wymog\u00f3w obecnych przepis\u00f3w budowlanych<br data-rich-text-line-break=\"true\" \/><strong>2017<\/strong><br data-rich-text-line-break=\"true\" \/>nadanie tytu\u0142u nowego ko\u015bcio\u0142a pw. \u015aw. Anny, nowa aran\u017cacja wystroju wn\u0119trza \u015bwi\u0105tyni<br \/><strong>25.07.2021<br \/>konsekracja nowego ko\u015bcio\u0142a pw. \u015bw. Anny przez J. E. Ks. Biskupa Ordynariusza Diecezji Tarnowskiej Andrzeja Je\u017ca<br \/><\/strong><\/p>\n\n\n<p><\/p>\n","protected":false},"excerpt":{"rendered":"<p>Wybrane daty z historii parafii i ko\u015bcio\u0142a autorstwa \u015bp. J\u00f3zefa Koniecznego wraz z uzupe\u0142nieniem historii obecnej 1296Przypuszczalna data powstania parafii Skrzydlna.1315Dokument (orygina\u0142?) erekcji parafii znajduj\u0105cy si\u0119 w Ku\u00adrii Tarnowskiej.1325Dow\u00f3d op\u0142acania przez proboszcza skrzydla\u0144skiego tzw.&#46;&#46;&#46;<\/p>\n","protected":false},"author":1,"featured_media":0,"parent":0,"menu_order":0,"comment_status":"closed","ping_status":"closed","template":"","meta":{"footnotes":""},"_links":{"self":[{"href":"https:\/\/parafiaskrzydlna.pl\/index.php\/wp-json\/wp\/v2\/pages\/69"}],"collection":[{"href":"https:\/\/parafiaskrzydlna.pl\/index.php\/wp-json\/wp\/v2\/pages"}],"about":[{"href":"https:\/\/parafiaskrzydlna.pl\/index.php\/wp-json\/wp\/v2\/types\/page"}],"author":[{"embeddable":true,"href":"https:\/\/parafiaskrzydlna.pl\/index.php\/wp-json\/wp\/v2\/users\/1"}],"replies":[{"embeddable":true,"href":"https:\/\/parafiaskrzydlna.pl\/index.php\/wp-json\/wp\/v2\/comments?post=69"}],"version-history":[{"count":6,"href":"https:\/\/parafiaskrzydlna.pl\/index.php\/wp-json\/wp\/v2\/pages\/69\/revisions"}],"predecessor-version":[{"id":773,"href":"https:\/\/parafiaskrzydlna.pl\/index.php\/wp-json\/wp\/v2\/pages\/69\/revisions\/773"}],"wp:attachment":[{"href":"https:\/\/parafiaskrzydlna.pl\/index.php\/wp-json\/wp\/v2\/media?parent=69"}],"curies":[{"name":"wp","href":"https:\/\/api.w.org\/{rel}","templated":true}]}}