{"id":44,"date":"2021-04-19T18:06:31","date_gmt":"2021-04-19T16:06:31","guid":{"rendered":"http:\/\/parafiaskrzydlna.pl\/?page_id=44"},"modified":"2021-06-02T03:06:50","modified_gmt":"2021-06-02T01:06:50","slug":"nabozenstwa","status":"publish","type":"page","link":"https:\/\/parafiaskrzydlna.pl\/index.php\/nabozenstwa\/","title":{"rendered":"Nabo\u017ce\u0144stwa"},"content":{"rendered":"\n<p class=\"has-text-align-center\"><strong>MSZE \u015aWI\u0118TE:<\/strong><\/p>\n\n\n\n<p class=\"has-text-align-center\"><strong>PORZ\u0104DEK ZWYK\u0141Y:<\/strong><br>(CODZIENNIE)<\/p>\n\n\n\n<p class=\"has-text-align-center\">7:00<br><strong>\u015aRODA I PI\u0104TEK<\/strong><br>18:00<br>(17:00 \u2013 czas zimowy)<\/p>\n\n\n\n<p class=\"has-text-align-center\"><strong>PORZ\u0104DEK \u015aWI\u0104TECZNY:<\/strong><\/p>\n\n\n\n<p class=\"has-text-align-center\">7:00; 9:00; 11:00; 16:00<\/p>\n\n\n\n<p class=\"has-text-align-center\"><strong>CZAS WAKACYJNY:<\/strong><\/p>\n\n\n\n<p class=\"has-text-align-center\"><strong>(OD 01.07 DO 31.08)<\/strong><\/p>\n\n\n\n<p class=\"has-text-align-center\">7:30: 10:00; 16:00<\/p>\n","protected":false},"excerpt":{"rendered":"<p>MSZE \u015aWI\u0118TE: PORZ\u0104DEK ZWYK\u0141Y:(CODZIENNIE) 7:00\u015aRODA I PI\u0104TEK18:00(17:00 \u2013 czas zimowy) PORZ\u0104DEK \u015aWI\u0104TECZNY: 7:00; 9:00; 11:00; 16:00 CZAS WAKACYJNY: (OD 01.07 DO 31.08) 7:30: 10:00; 16:00<\/p>\n","protected":false},"author":1,"featured_media":0,"parent":0,"menu_order":0,"comment_status":"closed","ping_status":"closed","template":"","meta":{"footnotes":""},"_links":{"self":[{"href":"https:\/\/parafiaskrzydlna.pl\/index.php\/wp-json\/wp\/v2\/pages\/44"}],"collection":[{"href":"https:\/\/parafiaskrzydlna.pl\/index.php\/wp-json\/wp\/v2\/pages"}],"about":[{"href":"https:\/\/parafiaskrzydlna.pl\/index.php\/wp-json\/wp\/v2\/types\/page"}],"author":[{"embeddable":true,"href":"https:\/\/parafiaskrzydlna.pl\/index.php\/wp-json\/wp\/v2\/users\/1"}],"replies":[{"embeddable":true,"href":"https:\/\/parafiaskrzydlna.pl\/index.php\/wp-json\/wp\/v2\/comments?post=44"}],"version-history":[{"count":3,"href":"https:\/\/parafiaskrzydlna.pl\/index.php\/wp-json\/wp\/v2\/pages\/44\/revisions"}],"predecessor-version":[{"id":299,"href":"https:\/\/parafiaskrzydlna.pl\/index.php\/wp-json\/wp\/v2\/pages\/44\/revisions\/299"}],"wp:attachment":[{"href":"https:\/\/parafiaskrzydlna.pl\/index.php\/wp-json\/wp\/v2\/media?parent=44"}],"curies":[{"name":"wp","href":"https:\/\/api.w.org\/{rel}","templated":true}]}}