{"id":192,"date":"2021-05-18T22:43:01","date_gmt":"2021-05-18T20:43:01","guid":{"rendered":"http:\/\/parafiaskrzydlna.pl\/?page_id=192"},"modified":"2021-06-02T01:02:17","modified_gmt":"2021-06-01T23:02:17","slug":"sakrament-pokuty-i-pojednania","status":"publish","type":"page","link":"https:\/\/parafiaskrzydlna.pl\/index.php\/sakrament-pokuty-i-pojednania\/","title":{"rendered":"Sakrament Pokuty i Pojednania"},"content":{"rendered":"\n<p>Chrze\u015bcijanin, kt\u00f3ry po pope\u0142nieniu grzechu, pod wp\u0142ywem Ducha \u015awi\u0119tego przyst\u0119puje do sakramentu pokuty, powinien przede wszystkim ca\u0142ym sercem nawr\u00f3ci\u0107 si\u0119 do Boga. To wewn\u0119trzne nawr\u00f3cenie serca, zawieraj\u0105ce \u017cal za grzechy i postanowienie nowego \u017cycia, wyra\u017ca si\u0119 przez wyznanie grzech\u00f3w wobec Ko\u015bcio\u0142a, przez nale\u017cyte zado\u015b\u0107uczynienie i popraw\u0119 \u017cycia. B\u00f3g za\u015b udziela odpuszczenia grzech\u00f3w za po\u015brednictwem Ko\u015bcio\u0142a, kt\u00f3ry dzia\u0142a przez pos\u0142ug\u0119 kap\u0142an\u00f3w.<\/p>\n\n\n\n<p>W\u015br\u00f3d akt\u00f3w pokutuj\u0105cego pierwsze miejsce zajmuje \u017cal, czyli \u201cb\u00f3l duszy i obrzydzenie sobie pope\u0142nionego grzechu z postanowieniem niegrzeszenia na przysz\u0142o\u015b\u0107\u201d. Prawdziwo\u015b\u0107 pokuty zale\u017cy od tej skruchy serca. Nawr\u00f3cenie powinno dotkn\u0105\u0107 wn\u0119trza cz\u0142owieka, aby go coraz g\u0142\u0119biej o\u015bwieca\u0107 i coraz bardziej upodabnia\u0107 do Chrystusa.Do sakramentu pokuty nale\u017cy wyznanie grzech\u00f3w, pochodz\u0105ce z prawdziwego poznania siebie wobec Boga i z \u017calu za grzechy. To wewn\u0119trzne badanie serca i zewn\u0119trzne oskar\u017cenie powinno si\u0119 odbywa\u0107 w \u015bwietle Bo\u017cego mi\u0142osierdzia. Spowied\u017a wymaga od penitenta woli otwarcia swojego serca przed s\u0142ug\u0105 Bo\u017cym, od spowiednika za\u015b duchowej umiej\u0119tno\u015bci s\u0105dzenia, dzi\u0119ki kt\u00f3rej dzia\u0142aj\u0105c w imieniu Chrystusa, na podstawie w\u0142adzy kluczy odpuszcza lub zatrzymuje grzechy. Aby przyj\u0105\u0107 zbawienne dzia\u0142anie sakramentu pokuty, zgodnie z wol\u0105 mi\u0142osiernego Boga, wierny powinien wyzna\u0107 kap\u0142anowi szczeg\u00f3\u0142owo wszystkie grzechy ci\u0119\u017ckie, kt\u00f3re sobie przypomina po zbadaniu sumienia.<br>Cz\u0119ste i staranne korzystanie z tego sakramentu jest bardzo u\u017cyteczne dla zwalczania grzech\u00f3w powszednich. Penitenci, kt\u00f3rzy oskar\u017caj\u0105 si\u0119 z grzech\u00f3w powszednich, powinni si\u0119 stara\u0107 przez takie spowiedzi w doskonalszy spos\u00f3b upodabnia\u0107 si\u0119 do Chrystusa i wierniej ulega\u0107 g\u0142osowi Ducha \u015awi\u0119tego.Grzesznikowi, kt\u00f3ry w sakramentalnej spowiedzi okazuje swoje nawr\u00f3cenie s\u0142udze Ko\u015bcio\u0142a, B\u00f3g udziela przebaczenia przez znak rozgrzeszenia i w ten spos\u00f3b sakrament pokuty zostaje dope\u0142niony.<\/p>\n\n\n\n<p>Dope\u0142nieniem prawdziwego nawr\u00f3cenia jest zado\u015b\u0107uczynienie za winy, poprawa \u017cycia oraz naprawa szk\u00f3d.<\/p>\n\n\n\n<p><em>\/\u0171r\u00f3d\u0142o: OBRZ\u0118DY POKUTY, Katowice 1996\/<\/em><\/p>\n\n\n\n<p><strong>W naszej parafii ze spowiedzi mo\u017cna skorzysta\u0107 zazwyczaj przed ka\u017cd\u0105 Msz\u0105 \u015awi\u0119t\u0105.<\/strong><\/p>\n","protected":false},"excerpt":{"rendered":"<p>Chrze\u015bcijanin, kt\u00f3ry po pope\u0142nieniu grzechu, pod wp\u0142ywem Ducha \u015awi\u0119tego przyst\u0119puje do sakramentu pokuty, powinien przede wszystkim ca\u0142ym sercem nawr\u00f3ci\u0107 si\u0119 do Boga. To wewn\u0119trzne nawr\u00f3cenie serca, zawieraj\u0105ce \u017cal za grzechy i postanowienie nowego \u017cycia,&#46;&#46;&#46;<\/p>\n","protected":false},"author":1,"featured_media":0,"parent":0,"menu_order":0,"comment_status":"closed","ping_status":"closed","template":"","meta":{"footnotes":""},"_links":{"self":[{"href":"https:\/\/parafiaskrzydlna.pl\/index.php\/wp-json\/wp\/v2\/pages\/192"}],"collection":[{"href":"https:\/\/parafiaskrzydlna.pl\/index.php\/wp-json\/wp\/v2\/pages"}],"about":[{"href":"https:\/\/parafiaskrzydlna.pl\/index.php\/wp-json\/wp\/v2\/types\/page"}],"author":[{"embeddable":true,"href":"https:\/\/parafiaskrzydlna.pl\/index.php\/wp-json\/wp\/v2\/users\/1"}],"replies":[{"embeddable":true,"href":"https:\/\/parafiaskrzydlna.pl\/index.php\/wp-json\/wp\/v2\/comments?post=192"}],"version-history":[{"count":2,"href":"https:\/\/parafiaskrzydlna.pl\/index.php\/wp-json\/wp\/v2\/pages\/192\/revisions"}],"predecessor-version":[{"id":264,"href":"https:\/\/parafiaskrzydlna.pl\/index.php\/wp-json\/wp\/v2\/pages\/192\/revisions\/264"}],"wp:attachment":[{"href":"https:\/\/parafiaskrzydlna.pl\/index.php\/wp-json\/wp\/v2\/media?parent=192"}],"curies":[{"name":"wp","href":"https:\/\/api.w.org\/{rel}","templated":true}]}}