{"id":190,"date":"2021-05-18T22:42:44","date_gmt":"2021-05-18T20:42:44","guid":{"rendered":"http:\/\/parafiaskrzydlna.pl\/?page_id=190"},"modified":"2021-06-02T01:01:46","modified_gmt":"2021-06-01T23:01:46","slug":"najswietszy-sakrament-i-komunia-swieta","status":"publish","type":"page","link":"https:\/\/parafiaskrzydlna.pl\/index.php\/najswietszy-sakrament-i-komunia-swieta\/","title":{"rendered":"Naj\u015bwi\u0119tszy Sakrament (I Komunia \u015awi\u0119ta)"},"content":{"rendered":"\n<p>Przygotowanie dzieci z klasy II szko\u0142y podstawowej do I Komunii \u015awi\u0119tej obejmuje:<\/p>\n\n\n\n<p>\u2013 systematyczny udzia\u0142 w katechezie szkolnej (klasa II szko\u0142y podstawowej)<br>\u2013 udzia\u0142 w spotkaniach formacyjnych prowadzonych w parafii raz w miesi\u0105cu<\/p>\n\n\n\n<p>UWAGI DLA RODZIC\u00d3W<\/p>\n\n\n\n<p>1. Je\u015bli dziecko by\u0142o ochrzczone w innej parafii, nale\u017cy dostarczy\u0107 \u015bwiadectwo chrztu (do ko\u0144ca grudnia)<\/p>\n\n\n\n<p>2. Przygotowanie do pierwszej spowiedzi i Pierwszej Komunii \u015bw.<\/p>\n\n\n\n<p>A. W rodzinie<br>* W\u0142a\u015bciwa atmosfera w domu (przyk\u0142ad szacunku i \u017cyczliwo\u015bci dla domownik\u00f3w).<br>* \u017bycie religijne rodziny (troska o codzienn\u0105 modlitw\u0119, w\u0142a\u015bciwy spos\u00f3b prze\u017cywania uroczysto\u015bci religijnych i rodzinnych).<br>* Odrabianie zada\u0144; systematyczna pomoc rodzic\u00f3w w nauce (dopilnowanie, sprawdzenie).<br>* Nauka \u201ema\u0142ego katechizmu\u201d.<br>* Lektura czasopism dla dzieci: \u201ePromyczek Dobra\u201d, \u201eDominik\u201d, \u201e\u015awiat Misyjny\u201d.<\/p>\n\n\n\n<p>B. W ko\u015bciele<\/p>\n\n\n\n<p>* Systematyczny udzia\u0142 we Mszy \u015bw. niedzielnej.<br>* Udzia\u0142 w spotkaniach modlitewno-formacyjnych w ramach przygotowania parafialnego.<br>* Udzia\u0142 dzieci w nabo\u017ce\u0144stwach zwi\u0105zanych z rokiem liturgicznym (nabo\u017cestwa r\u00f3\u017ca\u0144cowe, Roraty, Droga krzy\u017cowa, Gorzkie \u017cale).<\/p>\n\n\n\n<p>C. W szkole<br>* Systematyczny i czynny udzia\u0142 w katechezie.<br>* Posiadanie pomocy katechetycznych (zeszyt, katechizm).<\/p>\n\n\n\n<p>3. Pami\u0105tki zwi\u0105zane z I Komuni\u0105 \u015bw.<br>* R\u00f3\u017caniec \u2013 po\u015bwi\u0119cenie i wr\u0119czenie w pa\u017adzierniku (kupuje prowadz\u0105cy dla ca\u0142ej grupy).<br>* \u015awieca \u2013 po\u015bwi\u0119cenie w niu 2 lutego (kupuje prowadz\u0105cy dla ca\u0142ej grupy).<br>* Ksi\u0105\u017ceczka \u2013 po\u015bwi\u0119cenie i wr\u0119czenie w marcu (kupuje prowadz\u0105cy dla ca\u0142ej grupy).<br>* Medalik \u2013 kupuj\u0105 rodzice (po\u015bwi\u0119cenie w Bia\u0142ym Tygodniu)<br>* Obrazek \u2013 przygotowuje prowadz\u0105cy dla ca\u0142ej grupy (po\u015bwi\u0119cenie i wr\u0119czenie w dniu I Komunii \u015bw.)<\/p>\n\n\n\n<p>4. Stroje zgodnie z poni\u017cszymi wskazaniami Biskupa Ordynariusza, punkt 3.<\/p>\n\n\n\n<p>Wskazania Biskupa Ordynariusza<br>dotycz\u0105ce uroczysto\u015bci I Komunii \u015awi\u0119tej<\/p>\n\n\n\n<p>Ko\u015bci\u00f3\u0142 otrzyma\u0142 od Chrystusa jako dar najwi\u0119kszy Eucharysti\u0119 (Ecclesia de Eucharistia nr 11). Dlatego Ko\u015bci\u00f3\u0142 troszczy si\u0119, aby chrze\u015bcijanie dobrze rozumieli tajemnic\u0119 Eucharystii, \u015bwiadomie, aktywnie, pobo\u017cnie i owocnie w niej uczestniczyli. Czyni to szczeg\u00f3lnie podczas przygotowania dzieci do pierwszego, pe\u0142nego uczestnictwa w Eucharystii. Przygotowanie to zmierza do wyrobienia u dzieci postawy dysponuj\u0105cej do w\u0142a\u015bciwego prze\u017cywania Eucharystii. Wa\u017cnym elementem tego przygotowania jest te\u017c sam przebieg i prze\u017cycie przez dzieci uroczysto\u015bci pierwszej spowiedzi i Komunii \u015awi\u0119tej.<\/p>\n\n\n\n<p>1. Sakrament pokuty.<\/p>\n\n\n\n<p>Mi\u0142o\u015b\u0107 do Eucharystii prowadzi do coraz g\u0142\u0119bszego docenienia sakramentu pojednania. Wi\u0119\u017a, istniej\u0105ca mi\u0119dzy tymi \u015bwi\u0119tymi znakami \u0142aski, powinna zosta\u0107 ukazana dzieciom w czasie katechezy szkolnej i parafialnej. W ten spos\u00f3b dzieci b\u0119d\u0105 uczy\u0142y si\u0119, i\u017c rezultatem drogi nawr\u00f3cenia jest wej\u015bcie w komuni\u0119 z Bogiem i Ko\u015bcio\u0142em, kt\u00f3ra najpe\u0142niej wyra\u017ca si\u0119 w ponownym przyst\u0119powaniu do Eucharystii (Sacramentum Caritatis nr 20). Maj\u0105c to na wzgl\u0119dzie:<\/p>\n\n\n\n<p>1.1. Nale\u017cy stworzy\u0107 taki klimat wok\u00f3\u0142 pierwszej spowiedzi, aby dzieci prze\u017cy\u0142y j\u0105 jako radosne spotkanie z Jezusem przebaczaj\u0105cym w sakramencie Pokuty i Pojednania.<\/p>\n\n\n\n<p>1.2. Zaleca si\u0119, aby spowied\u017a odbywa\u0142a si\u0119 w ramach nabo\u017ce\u0144stwa pokutnego, w czasie kt\u00f3rego mo\u017cna dzieciom pom\u00f3c w dobrym przygotowaniu si\u0119 do sakramentu pokuty poprzez przypomnienie warunk\u00f3w tego sakramentu, zw\u0142aszcza w przeprowadzeniu rachunku sumienia, wzbudzenia \u017calu za grzechy.<\/p>\n\n\n\n<p>2. Msza \u015awi\u0119ta z udzieleniem I Komunii.<\/p>\n\n\n\n<p>Eucharystia jest \u201c\u017ar\u00f3d\u0142em i zarazem szczytem ca\u0142ego \u017cycia chrze\u015bcija\u0144skiego. W Naj\u015bwi\u0119tszej Eucharystii zawiera si\u0119 bowiem ca\u0142e duchowe dobro Ko\u015bcio\u0142a, a mianowicie sam Chrystus, nasza Pascha\u201d (KKK 1324). Z uwagi na szacunek do Tajemnicy tajemnic Msza \u015bwi\u0119ta z udzieleniem I Komunii:<\/p>\n\n\n\n<p>2.1. Powinna by\u0107 celebrowana z zachowaniem wszystkich przepis\u00f3w liturgicznych, a zatem:<\/p>\n\n\n\n<p>\u2013 nale\u017cy unika\u0107 liturgicznych lub quasiliturgicznych \u201cdodatk\u00f3w\u201d, kt\u00f3re nie s\u0105 niezb\u0119dne, a w\u0142\u0105czone w liturgi\u0119 mog\u0142yby przys\u0142oni\u0107 w\u0142a\u015bciwy obrz\u0119d.<\/p>\n\n\n\n<p>\u2013 dzieci winny skupi\u0107 si\u0119 na pobo\u017cnym uczestnictwie w liturgii Mszy \u015bwi\u0119tej, a nie na wyst\u0119pach wobec zgromadzonej wsp\u00f3lnoty.<\/p>\n\n\n\n<p>\u2013 nale\u017cy unika\u0107 organizowania w czasie liturgii akademii z recytacj\u0105 wierszyk\u00f3w, przem\u00f3wie\u0144, \u015bpiewem piosenek itp.<\/p>\n\n\n\n<p>\u2013 s\u0142owo Bo\u017ce winni czyta\u0107 rodzice (oni s\u0105 pierwszymi nauczycielami wiary swoich dzieci). R\u00f3wnie\u017c psalm responsoryjny winni \u015bpiewa\u0107 rodzice. Dzieci nie s\u0105 przygotowane do pe\u0142nienia funkcji lektora czy kantora,<\/p>\n\n\n\n<p>\u2013 dzieci mog\u0105 odczyta\u0107 wezwania modlitwy powszechnej, zw\u0142aszcza za swoich rodzic\u00f3w, nauczycieli, katechet\u00f3w. Rodzice za\u015b za swoje dzieci.<\/p>\n\n\n\n<p>\u2013 dzieci winny przynie\u015b\u0107 w procesji do o\u0142tarza dar chleba i wina oraz swoje zobowi\u0105zania powstrzymania si\u0119 od palenia papieros\u00f3w i picia alkoholu,<\/p>\n\n\n\n<p>\u2013 roztropnemu rozeznaniu przez Ksi\u0119dza Proboszcza pozostawia si\u0119 wyb\u00f3r praktyki przyjmowania przez dzieci I Komunii \u015awi\u0119tej w towarzystwie rodzic\u00f3w, czy te\u017c bez nich,<\/p>\n\n\n\n<p>\u2013 nale\u017cy odej\u015b\u0107 od zwyczaju, o ile taki istnieje, przygotowania si\u0119 w czasie Modlitwy Eucharystycznej do przyj\u0119cia Komunii \u015bw. z ksi\u0105\u017ceczek. Najlepszym przygotowaniem jest czynny udzia\u0142 w liturgii Mszy \u015bwi\u0119tej. Przygotowanie z ksi\u0105\u017ceczki mo\u017ce by\u0107 przed Komuni\u0105 poza Msz\u0105 \u015bwi\u0119t\u0105,<\/p>\n\n\n\n<p>\u2013 dzi\u0119kczynieniem po Komunii \u015awi\u0119tej powinno by\u0107 wsp\u00f3lne uwielbienie, adorowanie Jezusa Eucharystycznego. Mo\u017ce nim by\u0107 wsp\u00f3lna modlitwa, w\u0142a\u015bciwa pie\u015b\u0144, a nie czytanie przez dzieci modlitw z ksi\u0105\u017ceczki,<\/p>\n\n\n\n<p>\u2013 wszelkiego rodzaju przem\u00f3wienia, podzi\u0119kowania powinny by\u0107 kr\u00f3tkie i zwi\u0119z\u0142e. Nale\u017cy je wyg\u0142asza\u0107 po zako\u0144czeniu Mszy \u015bwi\u0119tej.<\/p>\n\n\n\n<p>2.2. Filmowa\u0107 czy te\u017c fotografowa\u0107 w czasie Mszy \u015bwi\u0119tej mog\u0105 tylko te osoby, kt\u00f3re uko\u0144czy\u0142y specjalny kurs fotograf\u00f3w ko\u015bcielnych i wiedz\u0105 jak to robi\u0107 dyskretnie, bez przeszkadzania uczestnikom zgromadzenia, a zw\u0142aszcza dzieciom. Praktyczny wzgl\u0105d nakazuje zatrudni\u0107 tylko jednego fotografa i kamerzyst\u0119, z kt\u00f3rych pracy skorzystaj\u0105 wszyscy. W ten spos\u00f3b nie b\u0119dzie zamieszania wok\u00f3\u0142 dzieci, tak jak wtedy, gdy ka\u017cdy z krewnych czy znajomych zechce robi\u0107 zdj\u0119cie. Zasady filmowania i fotografowania okre\u015blaj\u0105 odpowiednie normy. Nale\u017cy o nich uprzednio pouczy\u0107 rodzic\u00f3w.<\/p>\n\n\n\n<p>3. Str\u00f3j.<\/p>\n\n\n\n<p>Str\u00f3j winien symbolizowa\u0107 sw\u0105 biel\u0105 czysto\u015b\u0107 serc dzieci. Powinien by\u0107 prosty, schludny i estetyczny. Uniknie si\u0119 w ten spos\u00f3b niezdrowej konkurencji, kto ma najpi\u0119kniejszy czy najdro\u017cszy str\u00f3j. Nale\u017cy ustali\u0107 jeden rodzaj stroju dla wszystkich dzieci, z rozr\u00f3\u017cnieniem na str\u00f3j dla dziewcz\u0105t i ch\u0142opc\u00f3w. Wp\u0142ynie to na w\u0142a\u015bciwe uczestnictwo w Mszy \u015bwi\u0119tej. A ponadto, koszty takiego stroju b\u0119d\u0105 bardziej przyst\u0119pne dla wszystkich, zw\u0142aszcza dla mniej zamo\u017cnych rodzic\u00f3w. Opr\u00f3cz tego stroje mog\u0105 by\u0107 przekazywane przyst\u0119puj\u0105cym do I Komunii \u015bw. w roku nast\u0119pnym.<\/p>\n\n\n\n<p>4. Go\u015bcie.<\/p>\n\n\n\n<p>Nale\u017cy zadba\u0107, aby go\u015bcie, przybywaj\u0105cy nieraz z odleg\u0142ych stron na uroczysto\u015b\u0107 pierwszokomunijn\u0105, mieli mo\u017cliwo\u015b\u0107 przyst\u0105pienia do sakramentu pokuty. O tej mo\u017cliwo\u015bci nale\u017cy przypomnie\u0107 przed rozpocz\u0119ciem Mszy \u015bwi\u0119tej.<\/p>\n\n\n\n<p>5. Prezenty.<\/p>\n\n\n\n<p>Nale\u017cy pami\u0119ta\u0107, \u017ce prezenty s\u0105 najmniej istotnym elementem uroczysto\u015bci pierwszokomunijnej. W tym duchu wychowujemy dzieci w ci\u0105gu ca\u0142ego przygotowania do pierwszej spowiedzi i Komunii \u015awi\u0119tej. Nie mog\u0105 one by\u0107 dla dzieci miernikiem wa\u017cno\u015bci tej uroczysto\u015bci. Nale\u017cy tak formowa\u0107 rodzic\u00f3w, a poprzez nich go\u015bci, aby ich prezenty by\u0142y symboliczne, a obdarowuj\u0105cy zaczekali z ich wr\u0119czeniem do momentu zako\u0144czenia uroczysto\u015bci w ko\u015bciele. Prezenty powinny by\u0107 bowiem tylko dodatkiem do \u015bwi\u0119ta w \u017cyciu dziecka, a nie pierwszym punktem uroczysto\u015bci.<\/p>\n\n\n\n<p>6. Przyj\u0119cie pierwszokomunijne.<\/p>\n\n\n\n<p>Nale\u017cy przypomnie\u0107 rodzicom, \u017ce przyj\u0119cie rodzinne winno by\u0107 absolutnie bezalkoholowe. Ma to by\u0107 spotkanie najbli\u017cszych, przebiegaj\u0105ce w duchu rado\u015bci i mi\u0142o\u015bci, z akcentem na najwa\u017cniejszy moment uroczysto\u015bci, jakim by\u0142o spotkanie dziecka z Jezusem w Eucharystii. Nale\u017cy prosi\u0107 rodzic\u00f3w, by przyj\u0119cia nie by\u0142y zbyt wystawne.<\/p>\n\n\n\n<p>Z okazji uroczysto\u015bci pierwszokomunijnej mo\u017cna wprowadzi\u0107 zwyczaj podzielenia si\u0119 przez dzieci otrzymanymi podarunkami z tymi r\u00f3wie\u015bnikami, kt\u00f3rzy \u017cyj\u0105 w ub\u00f3stwie i nie posiadaj\u0105 \u015brodk\u00f3w w stopniu wystarczaj\u0105cym do godnego \u017cycia (misje).<\/p>\n\n\n\n<p>7. Sk\u0142adanie ofiar przez rodzic\u00f3w z okazji I Komunii \u015awi\u0119tej.<\/p>\n\n\n\n<p>Nie powinno ono wynika\u0107 z jakiejkolwiek inspiracji duszpasterzy. Je\u015bli rodzice podejm\u0105 ju\u017c decyzj\u0119 o z\u0142o\u017ceniu ofiary na cel ko\u015bcielny, w\u00f3wczas nale\u017cy im u\u015bwiadomi\u0107, by nie by\u0142a ona zbyt du\u017cym obci\u0105\u017ceniem finansowym, zw\u0142aszcza dla mniej zamo\u017cnych rodzin. Ta kwestia nie powinna by\u0107 powodem niedopowiedze\u0144 i niepokoj\u00f3w w\u015br\u00f3d wiernych. I w tym przypadku obowi\u0105zuje zasada dobrowolno\u015bci ofiar na cele ko\u015bcielne.<\/p>\n\n\n\n<p>Zako\u0144czenie<\/p>\n\n\n\n<p>Eucharystia jest sakramentem, w kt\u00f3rym Chrystus, daj\u0105c nam Siebie o\u017cywia nasz\u0105 mi\u0142o\u015b\u0107 i buduje jedno\u015b\u0107. Niech wi\u0119c w duchu tej mi\u0142o\u015bci b\u0119d\u0105 podejmowane wszelkie duszpasterskie dzia\u0142ania zwi\u0105zane z przygotowaniem dzieci do I Komunii \u015awi\u0119tej.<\/p>\n\n\n\n<p>Wszystkim zaanga\u017cowanym w przygotowanie dzieci do I Komunii \u015awi\u0119tej b\u0142ogos\u0142awi\u0119!<\/p>\n\n\n\n<p>+ Wiktor Skworc<br>Biskup Tarnowski<br>Tarn\u00f3w, w Wielki Czwartek 2007r.<\/p>\n","protected":false},"excerpt":{"rendered":"<p>Przygotowanie dzieci z klasy II szko\u0142y podstawowej do I Komunii \u015awi\u0119tej obejmuje: \u2013 systematyczny udzia\u0142 w katechezie szkolnej (klasa II szko\u0142y podstawowej)\u2013 udzia\u0142 w spotkaniach formacyjnych prowadzonych w parafii raz w miesi\u0105cu UWAGI DLA&#46;&#46;&#46;<\/p>\n","protected":false},"author":1,"featured_media":0,"parent":0,"menu_order":0,"comment_status":"closed","ping_status":"closed","template":"","meta":{"footnotes":""},"_links":{"self":[{"href":"https:\/\/parafiaskrzydlna.pl\/index.php\/wp-json\/wp\/v2\/pages\/190"}],"collection":[{"href":"https:\/\/parafiaskrzydlna.pl\/index.php\/wp-json\/wp\/v2\/pages"}],"about":[{"href":"https:\/\/parafiaskrzydlna.pl\/index.php\/wp-json\/wp\/v2\/types\/page"}],"author":[{"embeddable":true,"href":"https:\/\/parafiaskrzydlna.pl\/index.php\/wp-json\/wp\/v2\/users\/1"}],"replies":[{"embeddable":true,"href":"https:\/\/parafiaskrzydlna.pl\/index.php\/wp-json\/wp\/v2\/comments?post=190"}],"version-history":[{"count":2,"href":"https:\/\/parafiaskrzydlna.pl\/index.php\/wp-json\/wp\/v2\/pages\/190\/revisions"}],"predecessor-version":[{"id":263,"href":"https:\/\/parafiaskrzydlna.pl\/index.php\/wp-json\/wp\/v2\/pages\/190\/revisions\/263"}],"wp:attachment":[{"href":"https:\/\/parafiaskrzydlna.pl\/index.php\/wp-json\/wp\/v2\/media?parent=190"}],"curies":[{"name":"wp","href":"https:\/\/api.w.org\/{rel}","templated":true}]}}