{"id":188,"date":"2021-05-18T22:42:09","date_gmt":"2021-05-18T20:42:09","guid":{"rendered":"http:\/\/parafiaskrzydlna.pl\/?page_id=188"},"modified":"2022-01-13T11:32:46","modified_gmt":"2022-01-13T10:32:46","slug":"bierzmowanie","status":"publish","type":"page","link":"https:\/\/parafiaskrzydlna.pl\/index.php\/bierzmowanie\/","title":{"rendered":"Bierzmowanie"},"content":{"rendered":"<p style=\"text-align: center;\">Bierzmowanie jest to sakrament, w kt\u00f3rym Duch \u015awi\u0119ty udziela si\u0119 cz\u0142owiekowi ochrzczonemu jako Dar.\u00a0 Bierzmowanie jest dope\u0142nieniem i umocnieniem tego, co zosta\u0142o zapocz\u0105tkowane chrztem, czyli nowego \u017cycia, \u201cz wody i Ducha\u201d.<\/p>\n<p style=\"text-align: center;\">Udzielanie Ducha \u015awi\u0119tego przez umacniaj\u0105ce na\u0142o\u017cenie r\u0119ki i namaszczenie krzy\u017cmem (oliwa zmieszana z balsamem) czo\u0142a bierzmowanego wydobywa z przemiany, jaka dokona\u0142a si\u0119 w indywidualnym \u017cyciu cz\u0142owieka przez chrzest, charyzmatyczno-wsp\u00f3lnotow\u0105 aktywno\u015b\u0107 chrze\u015bcijanina w wymiarze publicznym, spo\u0142ecznym. Bierzmowany (doros\u0142y \u201cdojrza\u0142o\u015bci\u0105 Chrystusow\u0105\u201d) zostaje w pe\u0142ni zaanga\u017cowany przez Chrystusa i Ko\u015bci\u00f3\u0142, staje si\u0119 \u015bwiadomym aposto\u0142em Chrystusa, g\u0142osicielem Ewangelii w \u015bwiecie: w swym zawodzie i w polityce, w rodzinie i w spo\u0142ecze\u0144stwie, na ulicy i w ko\u015bciele.<\/p>\n<p style=\"text-align: center;\">\n<strong>Kto mo\u017ce przyj\u0105\u0107 sakrament bierzmowania?<br \/>\n<\/strong>Chc\u0105c wa\u017cnie i godziwie przyj\u0105\u0107 sakrament bierzmowania nale\u017cy spe\u0142ni\u0107 warunki okre\u015blone prawem ko\u015bcielnym, a mianowicie:<\/p>\n<p style=\"text-align: center;\"><strong>a) przyj\u0105\u0107 wcze\u015bniej sakrament chrztu \u015bwi\u0119tego<\/strong><br \/>\nChrzest jest pierwszym sakramentem i dopiero po jego przyj\u0119ciu mo\u017cna przyjmowa\u0107 wa\u017cnie wszystkie inne sakramenty. Dlatego, je\u017celi przyjmuje si\u0119 bierzmowanie poza parafi\u0105, w kt\u00f3rej mia\u0142 miejsce chrzest, nale\u017cy przedstawi\u0107 \u015bwadectwo chrztu<\/p>\n<p style=\"text-align: center;\"><strong>b) przyst\u0105pi\u0107 do spowiedzi i Komunii \u015bwi\u0119tej<\/strong><br \/>\nBierzmowanie nale\u017cy do tych sakrament\u00f3w, kt\u00f3re trzeba przyjmowa\u0107 w stanie \u0142aski u\u015bwi\u0119caj\u0105cej. Nazywamy je sakramentami \u017cywych, gdy\u017c przyjmuj\u0105 je ludzie \u017cyj\u0105cy w przyja\u017ani z Bogiem, czyli bez grzechu ci\u0119\u017ckiego na duszy.<\/p>\n<p style=\"text-align: center;\"><strong>c) by\u0107 w odpowiednim wieku<\/strong><br \/>\nSakrament bierzmowania wprowadza bierzmowanego w odpowiedzialne \u017cycie wiar\u0105, dlatego mog\u0105 go przyjmowa\u0107 doro\u015bli chrze\u015bcijanie. Prawo ko\u015bcielne wymaga aby kandydat mia\u0142 u\u017cywanie rozumu i by\u0142 zdolny \u015bwiadomie odnowi\u0107 przyrzeczenia chrzcielne, jednak dok\u0142adniejsze ustalenie granicy wieku pozostawia si\u0119 do decyzji Konferencji Episkopatu.<\/p>\n<p style=\"text-align: center;\">W Polsce spraw\u0119 t\u0119 reguluje instrukcja duszpasterska dotycz\u0105ca sakramentu bierzmowania, og\u0142oszona przez Konferencj\u0119 Episkopatu Polski dnia 16. 01. 1975r. Postanawia ona, \u017ce \u201csakramentu bierzmowania nale\u017cy udziela\u0107 m\u0142odzie\u017cy w wieku 14\/15 lat\u201d, dzisiaj jest to wiek na poziomie klasy 8 Szko\u0142y Podstawowej.<\/p>\n<p style=\"text-align: center;\"><strong>d) wykaza\u0107 si\u0119 znajomo\u015bci\u0105 prawd wiary<\/strong><br \/>\nSkoro bierzmowany przyjmuje na siebie obowi\u0105zek bronienia i umacniania wiary, musi sam dobrze j\u0105 pozna\u0107. Od kandydata wymaga si\u0119 nie tylko teoretycznej znajomo\u015bci prawd katechizmowych(za\u015bwiadczenie ze szko\u0142y), ale umiej\u0119tno\u015bci praktycznego ich zastosowania. Nie wystarcza wi\u0119c, \u017ce kto\u015b dobrze uczy si\u0119 religii, ale powinien na co dzie\u0144 post\u0119powa\u0107 jak autentyczny chrzescijanin.<\/p>\n<p style=\"text-align: center;\"><strong>e) posiada\u0107 szczer\u0105 intencj\u0119<\/strong><br \/>\nPrzez ten warunek nale\u017cy rozumie\u0107 dobr\u0105 wol\u0119 s\u0142u\u017cenia Bogu ca\u0142ym sercem i sumiennego wype\u0142niania podj\u0119tych zobowi\u0105za\u0144, a zw\u0142aszcza \u015bwiadczenia swoim \u017cyciem o Chrystusie. Nie powinno si\u0119 przyjmowa\u0107 tego sakramentu tylko dlatego, \u017ce inni go przyjmuj\u0105, a wi\u0119c \u2013 jak to si\u0119 m\u00f3wi \u2013 dla ludzkiego oka. Istotne w tym wzgl\u0119dzie jest osobiste pragnienie pozostania do ko\u0144ca \u017cycia wiernym Bogu.<\/p>\n<p><strong>Instrukcja o przygotowaniu i kryteriach dopuszczenia do sakramentu bierzmowania .<\/strong><\/p>\n<p style=\"text-align: center;\">Przygotowanie i kryteria dopuszczenia do sakramentu bierzmowania<\/p>\n<p style=\"text-align: center;\"><strong>I. Przygotowanie do bierzmowania<\/strong><\/p>\n<p style=\"text-align: center;\">Przygotowanie do bierzmowania realizowane jest w ci\u0105gu trzech lat nauki kandydata w gimnazjum i obejmuje formacj\u0119 intelektualn\u0105 i religijno \u2013 moraln\u0105.<\/p>\n<p style=\"text-align: center;\">Formacja intelektualna realizowana podczas katechezy szkolnej trwa trzy lata, egzamin przed bierzmowaniem organizowany jest przed zako\u0144czeniem nauki w klasie drugiej. Formacja ta obejmuje tre\u015bci przewidziane w programie klasy pierwszej i drugiej, oraz materia\u0142 zawarty w katechizmie bierzmowanych.<\/p>\n<p style=\"text-align: center;\">W szkole i w parafii podejmuje si\u0119 formacj\u0119 religijno \u2013 moraln\u0105 uczni\u00f3w i wprowadza si\u0119 ich w dzia\u0142ania apostolskie. Przygotowanie to realizuje si\u0119 w ci\u0105gu trzech lat nauki religii w gimnazjum oraz w czasie spotka\u0144 grupowych organizowanych w parafii zamieszkania kandydata.<\/p>\n<p style=\"text-align: center;\">II. Kryteria dopuszczenia do bierzmowania<\/p>\n<p style=\"text-align: center;\">Bierzmowanie jest sakramentem wiary, st\u0105d wiara kandydata jest podstawowym kryterium dopuszczenia do bierzmowania. Wiara ta wyra\u017ca si\u0119:<\/p>\n<p style=\"text-align: center;\">\u2013 w deklaracji przyj\u0119cia sakramentu (wz\u00f3r deklaracji podano w Dyplomie kandydata do sakramentu bierzmowania)<\/p>\n<p style=\"text-align: center;\">\u2013 w systematycznym uczestnictwie w lekcjach religii w szkole i spotkaniach formacyjnych przy parafii zamieszkania,<\/p>\n<p style=\"text-align: center;\">\u2013 w spe\u0142nianiu praktyk religijnych: uczestnictwo w niedzielnej i \u015bwi\u0105tecznej Mszy \u015bw.,<\/p>\n<p style=\"text-align: center;\">\u2013\u00a0 przyst\u0119powanie z okazji pierwszych pi\u0105tk\u00f3w miesi\u0105ca do sakramentu pokuty,<\/p>\n<p style=\"text-align: center;\">\u2013 w udziale w rekolekcjach lub dniu skupienia,<\/p>\n<p style=\"text-align: center;\">\u2013 w uczestnictwie w nowennie przed bierzmowaniem,<\/p>\n<p style=\"text-align: center;\">\u2013 w nienagannej postawie religijno \u2013 moralnej,<\/p>\n<p style=\"text-align: center;\">\u2013 w pozytywnie zdanym egzaminie.<\/p>\n<p style=\"text-align: center;\">Zaleca si\u0119, aby Ksi\u0119\u017ca Proboszczowie i Katecheci z pastersk\u0105 mi\u0142o\u015bci\u0105 zaanga\u017cowali si\u0119 w dzie\u0142o przygotowania m\u0142odych do sakramentu bierzmowania i w to przygotowanie w\u0142\u0105czyli rodzic\u00f3w kandydat\u00f3w. Ca\u0142a za\u015b wsp\u00f3lnota parafialna niech otoczy modlitewn\u0105 trosk\u0105 dzie\u0142o przygotowania do bierzmowania<\/p>\n<p style=\"text-align: center;\">+Wies\u0142aw Lechowicz<\/p>\n<p style=\"text-align: center;\">Wikariusz Generalny<\/p>\n<p style=\"text-align: center;\">Tarn\u00f3w, 01.09.2010 rok<\/p>\n","protected":false},"excerpt":{"rendered":"<p>Bierzmowanie jest to sakrament, w kt\u00f3rym Duch \u015awi\u0119ty udziela si\u0119 cz\u0142owiekowi ochrzczonemu jako Dar.\u00a0 Bierzmowanie jest dope\u0142nieniem i umocnieniem tego, co zosta\u0142o zapocz\u0105tkowane chrztem, czyli nowego \u017cycia, \u201cz wody i Ducha\u201d. Udzielanie Ducha \u015awi\u0119tego&#46;&#46;&#46;<\/p>\n","protected":false},"author":1,"featured_media":0,"parent":0,"menu_order":0,"comment_status":"closed","ping_status":"closed","template":"","meta":{"footnotes":""},"_links":{"self":[{"href":"https:\/\/parafiaskrzydlna.pl\/index.php\/wp-json\/wp\/v2\/pages\/188"}],"collection":[{"href":"https:\/\/parafiaskrzydlna.pl\/index.php\/wp-json\/wp\/v2\/pages"}],"about":[{"href":"https:\/\/parafiaskrzydlna.pl\/index.php\/wp-json\/wp\/v2\/types\/page"}],"author":[{"embeddable":true,"href":"https:\/\/parafiaskrzydlna.pl\/index.php\/wp-json\/wp\/v2\/users\/1"}],"replies":[{"embeddable":true,"href":"https:\/\/parafiaskrzydlna.pl\/index.php\/wp-json\/wp\/v2\/comments?post=188"}],"version-history":[{"count":4,"href":"https:\/\/parafiaskrzydlna.pl\/index.php\/wp-json\/wp\/v2\/pages\/188\/revisions"}],"predecessor-version":[{"id":759,"href":"https:\/\/parafiaskrzydlna.pl\/index.php\/wp-json\/wp\/v2\/pages\/188\/revisions\/759"}],"wp:attachment":[{"href":"https:\/\/parafiaskrzydlna.pl\/index.php\/wp-json\/wp\/v2\/media?parent=188"}],"curies":[{"name":"wp","href":"https:\/\/api.w.org\/{rel}","templated":true}]}}