{"id":154,"date":"2021-05-16T23:09:05","date_gmt":"2021-05-16T21:09:05","guid":{"rendered":"http:\/\/parafiaskrzydlna.pl\/?page_id=154"},"modified":"2021-06-02T01:06:22","modified_gmt":"2021-06-01T23:06:22","slug":"ministranci","status":"publish","type":"page","link":"https:\/\/parafiaskrzydlna.pl\/index.php\/ministranci\/","title":{"rendered":"Ministranci"},"content":{"rendered":"\n<p><br><em>\u201eKiedy mali ch\u0142opcy i m\u0142odzie\u0144cy pe\u0142ni\u0105 s\u0142u\u017cb\u0119 o\u0142tarza z rado\u015bci\u0105 i entuzjazmem, daj\u0105 swoim r\u00f3wie\u015bnikom wymowne \u015bwiadectwo donios\u0142o\u015bci i pi\u0119kna Eucharystii\u201d<\/em>&nbsp;(Jan Pawe\u0142 II)<\/p>\n\n\n\n<p>W j\u0119zyku \u0142aci\u0144skim s\u0142owo \u201eministrare\u201d oznacza \u201es\u0142u\u017cy\u0107\u201d. Ministrant jest wi\u0119c osob\u0105, kt\u00f3ra ma s\u0142u\u017cy\u0107 (pomaga\u0107) kap\u0142anowi podczas Eucharystii i innych nabo\u017ce\u0144stw. Przez swoj\u0105 pos\u0142ug\u0119 tak blisko o\u0142tarza, ministrant s\u0142u\u017cy nie tylko kap\u0142anowi, ale samemu Jezusowi, kt\u00f3ry prawdziwie jest obecny w Eucharystii.<\/p>\n\n\n\n<p>Pierwszymi ministrantami byli \u015bw. Piotr i \u015bw. Jan, kt\u00f3rym Pan Jezus zleci\u0142 przygotowanie uczty paschalnej i kt\u00f3rzy prawdopodobnie podczas niej zajmowali miejsca obok Niego, wykonuj\u0105c pewne pos\u0142ugi.<\/p>\n\n\n\n<p>W pierwszym okresie, od II wieku a\u017c do czas\u00f3w \u015bredniowiecza u boku biskupa i kap\u0142ana pos\u0142ugiwali tylko diakonii oraz klerycy ni\u017cszych stopni. Od IV do V wieku spotykamy kleryk\u00f3w jako ministrant\u00f3w i odt\u0105d nie znikaj\u0105 z historii. Od VI wieku wesz\u0142a nowa forma Mszy \u015bwi\u0119tej \u2013 tzw. msza prywatna, st\u0105d wytworzy\u0142 si\u0119 zwyczaj, \u017ce by\u0142a cz\u0119sto odprawiana tylko w obecno\u015bci ministranta. W VIII i IX wieku odprawia si\u0119 Msz\u0119 \u015bwi\u0119t\u0105 tylko pojedynczo bez ministranta, tzw. missa solitaria. Synod w Trewirze (1227 r.) i w Kolonii (1279 r.) przypominaj\u0105, \u017ce ministrantami mog\u0105 by\u0107 tylko klerycy. W praktyce jednak, ze wzgl\u0119du na brak odpowiedniej ilo\u015bci kleryk\u00f3w dopuszcza si\u0119 do s\u0142u\u017cby przy o\u0142tarzu tak\u017ce laik\u00f3w, ch\u0142opc\u00f3w \u015bwieckich, jednak\u017ce wykszta\u0142conych i umiej\u0105cych czyta\u0107. Te wzgl\u0119dy praktyczne spowodowa\u0142y, \u017ce w miastach szko\u0142y katedralne, kolegiackie i klasztorne opr\u00f3cz kszta\u0142cenia przysz\u0142ych prezbiter\u00f3w, kszta\u0142ci\u0142y tak\u017ce ministrant\u00f3w oraz \u015bpiewak\u00f3w potrzebnych do nale\u017cytego sprawowania liturgii. Natomiast na wsiach niekt\u00f3re synody nakazywa\u0142y proboszczom, aby przyjmowali do siebie i uczyli ch\u0142opc\u00f3w, zlecaj\u0105c im s\u0142u\u017cb\u0119 liturgiczn\u0105 przy o\u0142tarzu. Coraz cz\u0119\u015bciej wi\u0119c pojawiaj\u0105 si\u0119 ministranci \u015bwieccy. Ten stan rzeczy usankcjonowa\u0142 Kodeks Prawa Kanonicznego z 1517 roku w kanonie 813, kt\u00f3ry nie m\u00f3wi wprost o pozwoleniu s\u0142u\u017cenia ministrantom \u015bwieckim, ale te\u017c im tego nie zabrania, cho\u0107 zakazuje s\u0142u\u017cenia niewiastom. Odt\u0105d zwyczaj zlecania s\u0142u\u017cby ministranckiej ch\u0142opcom \u015bwieckim sta\u0142 si\u0119 praktyk\u0105 powszechn\u0105.<\/p>\n\n\n\n<p>Papie\u017c Pius XII, w encyklice o liturgii \u201cMediator Dei\u201d z 1947 roku napisa\u0142: \u201cNiechaj lud chrze\u015bcija\u0144ski tak czynnie uczestniczy w liturgii, aby si\u0119 rzeczywi\u015bcie przej\u0105\u0142 \u015bwi\u0119t\u0105 akcj\u0105, w kt\u00f3rej kap\u0142an, ten zw\u0142aszcza, kt\u00f3ry zajmuje si\u0119 duszpasterstwem w powierzonej mu parafii, zjednoczony z ludowym zebraniem, oddaje nale\u017cn\u0105 cze\u015b\u0107 Bogu Przedwiecznemu. Zapewne nie ma\u0142o przyczyni si\u0119 do osi\u0105gni\u0119cia tego celu, je\u017celi wybierze si\u0119 porz\u0105dnych i dobrze wychowanych ch\u0142opc\u00f3w z wszelkich warstw spo\u0142ecznych, kt\u00f3rzy z w\u0142asnej woli b\u0119d\u0105 s\u0142u\u017cyli do Mszy \u015bwi\u0119tej prawid\u0142owo, pilnie i gorliwie. Rodzice, cho\u0107by nale\u017celi do warstwy wykszta\u0142conej i kultur\u0105 wy\u017cej stoj\u0105cej, powinni wysoko ceni\u0107 te funkcje swych syn\u00f3w\u201d (MD 58).<br>Wypowied\u017a t\u0119 nazwano \u201cwielk\u0105 kart\u0105\u201d ministrant\u00f3w. Odt\u0105d r\u00f3wnie\u017c dokumenty liturgiczno-prawne zaczynaj\u0105 wymienia\u0107 ministrant\u00f3w.<\/p>\n\n\n\n<p>Pierwsz\u0105 wyra\u017an\u0105 wzmiank\u0119 o ministrantach znajdujemy w rubrykach Wielkiej Soboty wydanych przez Stolic\u0119 Apostolsk\u0105 w 1952 roku.<\/p>\n\n\n\n<p>Pierwszy Synod Rzymski z 1960 roku po\u015bwi\u0119ci\u0142 osobne statuty ministrantom.<\/p>\n\n\n\n<p>Ministrantom patronuje w szczeg\u00f3lny spos\u00f3b&nbsp;<a href=\"http:\/\/www.lso.diecezja.tarnow.pl\/index.php?option=com_content&amp;view=article&amp;id=148:w-dominik-savio&amp;catid=47&amp;Itemid=131\" target=\"_blank\" rel=\"noreferrer noopener\">\u015aw. Dominik Savio<\/a>&nbsp;(1842-1857)<\/p>\n\n\n\n<p>Urodzi\u0142 si\u0119 niedaleko Turynu. Ju\u017c w wieku pi\u0119ciu lat by\u0142 gorliwym ministrantem. Po jednej z generalnych spowiedzi u\u0142o\u017cy\u0142 w\u0142asny akt i ofiarowa\u0142 si\u0119 Matce Bo\u017cej: \u201cMaryjo, ofiaruj\u0119 Ci swoje serce. Spraw, aby zawsze by\u0142o Twoim. Jezu i Maryjo, b\u0105d\u017acie zawsze moimi przyjaci\u00f3\u0142mi. B\u0142agam Was, abym raczej umar\u0142, ni\u017c bym mia\u0142 przez nieszcz\u0119\u015bcie pope\u0142ni\u0107 cho\u0107 jeden grzech\u201d. Jego nauczycielem by\u0142 \u015bw. Jan Bosco. Dominik mia\u0142 wyj\u0105tkowy dar kontemplacji i ekstazy. Sam cz\u0119sto nawiedza\u0142 Pana Jezusa w Naj\u015bwi\u0119tszym Sakramencie i poci\u0105ga\u0142 do tego wielu innych. Cz\u0119sto nazywany jest \u201cma\u0142ym \u015bwi\u0119tym\u201d i \u201cgigantem ducha\u201d, cho\u0107 umieraj\u0105c, mia\u0142 zaledwie 15 lat.<\/p>\n\n\n\n<p>&nbsp; Do patron\u00f3w Liturgicznej S\u0142u\u017cby O\u0142tarza zaliczani s\u0105 tak\u017ce:<\/p>\n\n\n\n<p>\u015aw. Tarsycjusz (III&nbsp;wiek)<\/p>\n\n\n\n<p>\u015aw. Stanis\u0142aw Kostka (1550-1568)<\/p>\n\n\n\n<p>\u015aw. Alojzy Gonzaga (1568-1591)<\/p>\n\n\n\n<p>\u015aw. Jan Berchmans(1599-1621)<\/p>\n\n\n\n<p>Diecezjalna strona LSO:&nbsp;<a href=\"http:\/\/www.lso.diecezja.tarnow.pl\/\" target=\"_blank\" rel=\"noreferrer noopener\">http:\/\/www.lso.diecezja.tarnow.pl<\/a><\/p>\n","protected":false},"excerpt":{"rendered":"<p>\u201eKiedy mali ch\u0142opcy i m\u0142odzie\u0144cy pe\u0142ni\u0105 s\u0142u\u017cb\u0119 o\u0142tarza z rado\u015bci\u0105 i entuzjazmem, daj\u0105 swoim r\u00f3wie\u015bnikom wymowne \u015bwiadectwo donios\u0142o\u015bci i pi\u0119kna Eucharystii\u201d&nbsp;(Jan Pawe\u0142 II) W j\u0119zyku \u0142aci\u0144skim s\u0142owo \u201eministrare\u201d oznacza \u201es\u0142u\u017cy\u0107\u201d. Ministrant jest wi\u0119c osob\u0105,&#46;&#46;&#46;<\/p>\n","protected":false},"author":1,"featured_media":0,"parent":0,"menu_order":0,"comment_status":"closed","ping_status":"closed","template":"","meta":{"footnotes":""},"_links":{"self":[{"href":"https:\/\/parafiaskrzydlna.pl\/index.php\/wp-json\/wp\/v2\/pages\/154"}],"collection":[{"href":"https:\/\/parafiaskrzydlna.pl\/index.php\/wp-json\/wp\/v2\/pages"}],"about":[{"href":"https:\/\/parafiaskrzydlna.pl\/index.php\/wp-json\/wp\/v2\/types\/page"}],"author":[{"embeddable":true,"href":"https:\/\/parafiaskrzydlna.pl\/index.php\/wp-json\/wp\/v2\/users\/1"}],"replies":[{"embeddable":true,"href":"https:\/\/parafiaskrzydlna.pl\/index.php\/wp-json\/wp\/v2\/comments?post=154"}],"version-history":[{"count":2,"href":"https:\/\/parafiaskrzydlna.pl\/index.php\/wp-json\/wp\/v2\/pages\/154\/revisions"}],"predecessor-version":[{"id":268,"href":"https:\/\/parafiaskrzydlna.pl\/index.php\/wp-json\/wp\/v2\/pages\/154\/revisions\/268"}],"wp:attachment":[{"href":"https:\/\/parafiaskrzydlna.pl\/index.php\/wp-json\/wp\/v2\/media?parent=154"}],"curies":[{"name":"wp","href":"https:\/\/api.w.org\/{rel}","templated":true}]}}