{"id":152,"date":"2021-05-16T23:08:49","date_gmt":"2021-05-16T21:08:49","guid":{"rendered":"http:\/\/parafiaskrzydlna.pl\/?page_id=152"},"modified":"2021-06-02T01:15:51","modified_gmt":"2021-06-01T23:15:51","slug":"lektorzy","status":"publish","type":"page","link":"https:\/\/parafiaskrzydlna.pl\/index.php\/lektorzy\/","title":{"rendered":"Lektorzy"},"content":{"rendered":"\n<p>Lektor ustanowiony jest do czytania fragment\u00f3w z Pisma \u015awi\u0119tego, z wyj\u0105tkiem Ewangelii. Mo\u017ce r\u00f3wnie\u017c podawa\u0107 intencje modlitwy powszechnej, a gdy nie ma psa\u0142terzysty, mo\u017ce wykonywa\u0107 psalm mi\u0119dzy czytaniami i \u015bpiew przed Ewangeli\u0105.<br>Diecezjalna strona LSO:\u00a0<a rel=\"noreferrer noopener\" href=\"http:\/\/www.lso.diecezja.tarnow.pl\/\" target=\"_blank\">http:\/\/www.lso.diecezja.tarnow.pl<\/a><\/p>\n","protected":false},"excerpt":{"rendered":"<p>Lektor ustanowiony jest do czytania fragment\u00f3w z Pisma \u015awi\u0119tego, z wyj\u0105tkiem Ewangelii. Mo\u017ce r\u00f3wnie\u017c podawa\u0107 intencje modlitwy powszechnej, a gdy nie ma psa\u0142terzysty, mo\u017ce wykonywa\u0107 psalm mi\u0119dzy czytaniami i \u015bpiew przed Ewangeli\u0105.Diecezjalna strona LSO:\u00a0http:\/\/www.lso.diecezja.tarnow.pl<\/p>\n","protected":false},"author":1,"featured_media":0,"parent":0,"menu_order":0,"comment_status":"closed","ping_status":"closed","template":"","meta":{"footnotes":""},"_links":{"self":[{"href":"https:\/\/parafiaskrzydlna.pl\/index.php\/wp-json\/wp\/v2\/pages\/152"}],"collection":[{"href":"https:\/\/parafiaskrzydlna.pl\/index.php\/wp-json\/wp\/v2\/pages"}],"about":[{"href":"https:\/\/parafiaskrzydlna.pl\/index.php\/wp-json\/wp\/v2\/types\/page"}],"author":[{"embeddable":true,"href":"https:\/\/parafiaskrzydlna.pl\/index.php\/wp-json\/wp\/v2\/users\/1"}],"replies":[{"embeddable":true,"href":"https:\/\/parafiaskrzydlna.pl\/index.php\/wp-json\/wp\/v2\/comments?post=152"}],"version-history":[{"count":3,"href":"https:\/\/parafiaskrzydlna.pl\/index.php\/wp-json\/wp\/v2\/pages\/152\/revisions"}],"predecessor-version":[{"id":271,"href":"https:\/\/parafiaskrzydlna.pl\/index.php\/wp-json\/wp\/v2\/pages\/152\/revisions\/271"}],"wp:attachment":[{"href":"https:\/\/parafiaskrzydlna.pl\/index.php\/wp-json\/wp\/v2\/media?parent=152"}],"curies":[{"name":"wp","href":"https:\/\/api.w.org\/{rel}","templated":true}]}}