{"id":122,"date":"2021-05-16T18:47:04","date_gmt":"2021-05-16T16:47:04","guid":{"rendered":"http:\/\/parafiaskrzydlna.pl\/?page_id=122"},"modified":"2022-01-13T12:13:50","modified_gmt":"2022-01-13T11:13:50","slug":"kosciol-zabytkowy","status":"publish","type":"page","link":"https:\/\/parafiaskrzydlna.pl\/index.php\/kosciol-zabytkowy\/","title":{"rendered":"Ko\u015bci\u00f3\u0142 Zabytkowy"},"content":{"rendered":"<p style=\"text-align: center;\"><strong data-rich-text-format-boundary=\"true\">Ko\u015bci\u00f3\u0142 pw. \u015bw. Miko\u0142aja Biskupa w Skrzydlnej<\/strong><\/p>\n\n\n<figure class=\"wp-block-image size-large\"><img loading=\"lazy\" decoding=\"async\" width=\"1024\" height=\"667\" src=\"http:\/\/parafiaskrzydlna.pl\/wp-content\/uploads\/2022\/01\/AW4_0126-1024x667.jpg\" alt=\"\" class=\"wp-image-756\" srcset=\"https:\/\/parafiaskrzydlna.pl\/wp-content\/uploads\/2022\/01\/AW4_0126-1024x667.jpg 1024w, https:\/\/parafiaskrzydlna.pl\/wp-content\/uploads\/2022\/01\/AW4_0126-300x195.jpg 300w, https:\/\/parafiaskrzydlna.pl\/wp-content\/uploads\/2022\/01\/AW4_0126-768x500.jpg 768w, https:\/\/parafiaskrzydlna.pl\/wp-content\/uploads\/2022\/01\/AW4_0126-1536x1000.jpg 1536w, https:\/\/parafiaskrzydlna.pl\/wp-content\/uploads\/2022\/01\/AW4_0126-2048x1334.jpg 2048w\" sizes=\"(max-width: 1024px) 100vw, 1024px\" \/><\/figure>\n\n\n\n<figure class=\"wp-block-image size-large\"><img loading=\"lazy\" decoding=\"async\" width=\"1024\" height=\"767\" src=\"http:\/\/parafiaskrzydlna.pl\/wp-content\/uploads\/2022\/01\/20200801-DJI_0954-HDR-1024x767.jpg\" alt=\"\" class=\"wp-image-775\" srcset=\"https:\/\/parafiaskrzydlna.pl\/wp-content\/uploads\/2022\/01\/20200801-DJI_0954-HDR-1024x767.jpg 1024w, https:\/\/parafiaskrzydlna.pl\/wp-content\/uploads\/2022\/01\/20200801-DJI_0954-HDR-300x225.jpg 300w, https:\/\/parafiaskrzydlna.pl\/wp-content\/uploads\/2022\/01\/20200801-DJI_0954-HDR-768x575.jpg 768w, https:\/\/parafiaskrzydlna.pl\/wp-content\/uploads\/2022\/01\/20200801-DJI_0954-HDR-1536x1151.jpg 1536w, https:\/\/parafiaskrzydlna.pl\/wp-content\/uploads\/2022\/01\/20200801-DJI_0954-HDR-2048x1534.jpg 2048w\" sizes=\"(max-width: 1024px) 100vw, 1024px\" \/><\/figure>\n\n\n\n<figure class=\"wp-block-image size-large\"><img loading=\"lazy\" decoding=\"async\" width=\"1024\" height=\"767\" src=\"http:\/\/parafiaskrzydlna.pl\/wp-content\/uploads\/2022\/01\/20200801-DJI_0961-HDR-1024x767.jpg\" alt=\"\" class=\"wp-image-776\" srcset=\"https:\/\/parafiaskrzydlna.pl\/wp-content\/uploads\/2022\/01\/20200801-DJI_0961-HDR-1024x767.jpg 1024w, https:\/\/parafiaskrzydlna.pl\/wp-content\/uploads\/2022\/01\/20200801-DJI_0961-HDR-300x225.jpg 300w, https:\/\/parafiaskrzydlna.pl\/wp-content\/uploads\/2022\/01\/20200801-DJI_0961-HDR-768x575.jpg 768w, https:\/\/parafiaskrzydlna.pl\/wp-content\/uploads\/2022\/01\/20200801-DJI_0961-HDR-1536x1151.jpg 1536w, https:\/\/parafiaskrzydlna.pl\/wp-content\/uploads\/2022\/01\/20200801-DJI_0961-HDR-2048x1534.jpg 2048w\" sizes=\"(max-width: 1024px) 100vw, 1024px\" \/><\/figure>\n","protected":false},"excerpt":{"rendered":"<p>Ko\u015bci\u00f3\u0142 pw. \u015bw. Miko\u0142aja Biskupa w Skrzydlnej<\/p>\n","protected":false},"author":1,"featured_media":0,"parent":0,"menu_order":0,"comment_status":"closed","ping_status":"closed","template":"","meta":{"footnotes":""},"_links":{"self":[{"href":"https:\/\/parafiaskrzydlna.pl\/index.php\/wp-json\/wp\/v2\/pages\/122"}],"collection":[{"href":"https:\/\/parafiaskrzydlna.pl\/index.php\/wp-json\/wp\/v2\/pages"}],"about":[{"href":"https:\/\/parafiaskrzydlna.pl\/index.php\/wp-json\/wp\/v2\/types\/page"}],"author":[{"embeddable":true,"href":"https:\/\/parafiaskrzydlna.pl\/index.php\/wp-json\/wp\/v2\/users\/1"}],"replies":[{"embeddable":true,"href":"https:\/\/parafiaskrzydlna.pl\/index.php\/wp-json\/wp\/v2\/comments?post=122"}],"version-history":[{"count":4,"href":"https:\/\/parafiaskrzydlna.pl\/index.php\/wp-json\/wp\/v2\/pages\/122\/revisions"}],"predecessor-version":[{"id":778,"href":"https:\/\/parafiaskrzydlna.pl\/index.php\/wp-json\/wp\/v2\/pages\/122\/revisions\/778"}],"wp:attachment":[{"href":"https:\/\/parafiaskrzydlna.pl\/index.php\/wp-json\/wp\/v2\/media?parent=122"}],"curies":[{"name":"wp","href":"https:\/\/api.w.org\/{rel}","templated":true}]}}