{"id":120,"date":"2021-05-16T18:46:39","date_gmt":"2021-05-16T16:46:39","guid":{"rendered":"http:\/\/parafiaskrzydlna.pl\/?page_id=120"},"modified":"2022-01-12T16:25:26","modified_gmt":"2022-01-12T15:25:26","slug":"kosciol-parafialny","status":"publish","type":"page","link":"https:\/\/parafiaskrzydlna.pl\/index.php\/kosciol-parafialny\/","title":{"rendered":"Ko\u015bci\u00f3\u0142 Parafialny"},"content":{"rendered":"\n<figure class=\"wp-block-gallery columns-3 is-cropped wp-block-gallery-1 is-layout-flex wp-block-gallery-is-layout-flex\"><ul class=\"blocks-gallery-grid\"><li class=\"blocks-gallery-item\"><figure><img loading=\"lazy\" decoding=\"async\" width=\"1024\" height=\"768\" src=\"http:\/\/parafiaskrzydlna.pl\/wp-content\/uploads\/2022\/01\/20200905_110109-1024x768.jpg\" alt=\"\" data-id=\"686\" data-full-url=\"http:\/\/parafiaskrzydlna.pl\/wp-content\/uploads\/2022\/01\/20200905_110109.jpg\" data-link=\"http:\/\/parafiaskrzydlna.pl\/index.php\/kosciol-parafialny\/20200905_110109\/\" class=\"wp-image-686\" srcset=\"https:\/\/parafiaskrzydlna.pl\/wp-content\/uploads\/2022\/01\/20200905_110109-1024x768.jpg 1024w, https:\/\/parafiaskrzydlna.pl\/wp-content\/uploads\/2022\/01\/20200905_110109-300x225.jpg 300w, https:\/\/parafiaskrzydlna.pl\/wp-content\/uploads\/2022\/01\/20200905_110109-768x576.jpg 768w, https:\/\/parafiaskrzydlna.pl\/wp-content\/uploads\/2022\/01\/20200905_110109-1536x1152.jpg 1536w, https:\/\/parafiaskrzydlna.pl\/wp-content\/uploads\/2022\/01\/20200905_110109.jpg 1600w\" sizes=\"(max-width: 1024px) 100vw, 1024px\" \/><\/figure><\/li><li class=\"blocks-gallery-item\"><figure><img loading=\"lazy\" decoding=\"async\" width=\"1024\" height=\"768\" src=\"http:\/\/parafiaskrzydlna.pl\/wp-content\/uploads\/2022\/01\/20200905_110505-1024x768.jpg\" alt=\"\" data-id=\"687\" data-full-url=\"http:\/\/parafiaskrzydlna.pl\/wp-content\/uploads\/2022\/01\/20200905_110505.jpg\" data-link=\"http:\/\/parafiaskrzydlna.pl\/index.php\/kosciol-parafialny\/20200905_110505\/\" class=\"wp-image-687\" srcset=\"https:\/\/parafiaskrzydlna.pl\/wp-content\/uploads\/2022\/01\/20200905_110505-1024x768.jpg 1024w, https:\/\/parafiaskrzydlna.pl\/wp-content\/uploads\/2022\/01\/20200905_110505-300x225.jpg 300w, https:\/\/parafiaskrzydlna.pl\/wp-content\/uploads\/2022\/01\/20200905_110505-768x576.jpg 768w, https:\/\/parafiaskrzydlna.pl\/wp-content\/uploads\/2022\/01\/20200905_110505-1536x1152.jpg 1536w, https:\/\/parafiaskrzydlna.pl\/wp-content\/uploads\/2022\/01\/20200905_110505.jpg 1600w\" sizes=\"(max-width: 1024px) 100vw, 1024px\" \/><\/figure><\/li><li class=\"blocks-gallery-item\"><figure><img loading=\"lazy\" decoding=\"async\" width=\"1024\" height=\"768\" src=\"http:\/\/parafiaskrzydlna.pl\/wp-content\/uploads\/2022\/01\/20200905_110620-1024x768.jpg\" alt=\"\" data-id=\"688\" data-full-url=\"http:\/\/parafiaskrzydlna.pl\/wp-content\/uploads\/2022\/01\/20200905_110620.jpg\" data-link=\"http:\/\/parafiaskrzydlna.pl\/index.php\/kosciol-parafialny\/20200905_110620\/\" class=\"wp-image-688\" srcset=\"https:\/\/parafiaskrzydlna.pl\/wp-content\/uploads\/2022\/01\/20200905_110620-1024x768.jpg 1024w, https:\/\/parafiaskrzydlna.pl\/wp-content\/uploads\/2022\/01\/20200905_110620-300x225.jpg 300w, https:\/\/parafiaskrzydlna.pl\/wp-content\/uploads\/2022\/01\/20200905_110620-768x576.jpg 768w, https:\/\/parafiaskrzydlna.pl\/wp-content\/uploads\/2022\/01\/20200905_110620-1536x1152.jpg 1536w, https:\/\/parafiaskrzydlna.pl\/wp-content\/uploads\/2022\/01\/20200905_110620.jpg 1600w\" sizes=\"(max-width: 1024px) 100vw, 1024px\" \/><\/figure><\/li><li class=\"blocks-gallery-item\"><figure><img loading=\"lazy\" decoding=\"async\" width=\"1024\" height=\"768\" src=\"http:\/\/parafiaskrzydlna.pl\/wp-content\/uploads\/2022\/01\/20200905_110834-1024x768.jpg\" alt=\"\" data-id=\"689\" data-full-url=\"http:\/\/parafiaskrzydlna.pl\/wp-content\/uploads\/2022\/01\/20200905_110834.jpg\" data-link=\"http:\/\/parafiaskrzydlna.pl\/index.php\/kosciol-parafialny\/20200905_110834\/\" class=\"wp-image-689\" srcset=\"https:\/\/parafiaskrzydlna.pl\/wp-content\/uploads\/2022\/01\/20200905_110834-1024x768.jpg 1024w, https:\/\/parafiaskrzydlna.pl\/wp-content\/uploads\/2022\/01\/20200905_110834-300x225.jpg 300w, https:\/\/parafiaskrzydlna.pl\/wp-content\/uploads\/2022\/01\/20200905_110834-768x576.jpg 768w, https:\/\/parafiaskrzydlna.pl\/wp-content\/uploads\/2022\/01\/20200905_110834-1536x1152.jpg 1536w, https:\/\/parafiaskrzydlna.pl\/wp-content\/uploads\/2022\/01\/20200905_110834.jpg 1600w\" sizes=\"(max-width: 1024px) 100vw, 1024px\" \/><\/figure><\/li><li class=\"blocks-gallery-item\"><figure><img loading=\"lazy\" decoding=\"async\" width=\"768\" height=\"1024\" src=\"http:\/\/parafiaskrzydlna.pl\/wp-content\/uploads\/2022\/01\/20200905_192436-768x1024.jpg\" alt=\"\" data-id=\"690\" data-full-url=\"http:\/\/parafiaskrzydlna.pl\/wp-content\/uploads\/2022\/01\/20200905_192436.jpg\" data-link=\"http:\/\/parafiaskrzydlna.pl\/index.php\/kosciol-parafialny\/20200905_192436\/\" class=\"wp-image-690\" srcset=\"https:\/\/parafiaskrzydlna.pl\/wp-content\/uploads\/2022\/01\/20200905_192436-768x1024.jpg 768w, https:\/\/parafiaskrzydlna.pl\/wp-content\/uploads\/2022\/01\/20200905_192436-225x300.jpg 225w, https:\/\/parafiaskrzydlna.pl\/wp-content\/uploads\/2022\/01\/20200905_192436-1152x1536.jpg 1152w, https:\/\/parafiaskrzydlna.pl\/wp-content\/uploads\/2022\/01\/20200905_192436.jpg 1200w\" sizes=\"(max-width: 768px) 100vw, 768px\" \/><\/figure><\/li><li class=\"blocks-gallery-item\"><figure><img loading=\"lazy\" decoding=\"async\" width=\"1024\" height=\"768\" src=\"http:\/\/parafiaskrzydlna.pl\/wp-content\/uploads\/2022\/01\/20200905_192950-1024x768.jpg\" alt=\"\" data-id=\"691\" data-full-url=\"http:\/\/parafiaskrzydlna.pl\/wp-content\/uploads\/2022\/01\/20200905_192950.jpg\" data-link=\"http:\/\/parafiaskrzydlna.pl\/index.php\/kosciol-parafialny\/20200905_192950\/\" class=\"wp-image-691\" srcset=\"https:\/\/parafiaskrzydlna.pl\/wp-content\/uploads\/2022\/01\/20200905_192950-1024x768.jpg 1024w, https:\/\/parafiaskrzydlna.pl\/wp-content\/uploads\/2022\/01\/20200905_192950-300x225.jpg 300w, https:\/\/parafiaskrzydlna.pl\/wp-content\/uploads\/2022\/01\/20200905_192950-768x576.jpg 768w, https:\/\/parafiaskrzydlna.pl\/wp-content\/uploads\/2022\/01\/20200905_192950-1536x1152.jpg 1536w, https:\/\/parafiaskrzydlna.pl\/wp-content\/uploads\/2022\/01\/20200905_192950.jpg 1600w\" sizes=\"(max-width: 1024px) 100vw, 1024px\" \/><\/figure><\/li><li class=\"blocks-gallery-item\"><figure><img loading=\"lazy\" decoding=\"async\" width=\"768\" height=\"1024\" src=\"http:\/\/parafiaskrzydlna.pl\/wp-content\/uploads\/2022\/01\/20200905_192957-768x1024.jpg\" alt=\"\" data-id=\"692\" data-full-url=\"http:\/\/parafiaskrzydlna.pl\/wp-content\/uploads\/2022\/01\/20200905_192957.jpg\" data-link=\"http:\/\/parafiaskrzydlna.pl\/index.php\/kosciol-parafialny\/20200905_192957\/\" class=\"wp-image-692\" srcset=\"https:\/\/parafiaskrzydlna.pl\/wp-content\/uploads\/2022\/01\/20200905_192957-768x1024.jpg 768w, https:\/\/parafiaskrzydlna.pl\/wp-content\/uploads\/2022\/01\/20200905_192957-225x300.jpg 225w, https:\/\/parafiaskrzydlna.pl\/wp-content\/uploads\/2022\/01\/20200905_192957-1152x1536.jpg 1152w, https:\/\/parafiaskrzydlna.pl\/wp-content\/uploads\/2022\/01\/20200905_192957.jpg 1200w\" sizes=\"(max-width: 768px) 100vw, 768px\" \/><\/figure><\/li><li class=\"blocks-gallery-item\"><figure><img loading=\"lazy\" decoding=\"async\" width=\"1024\" height=\"768\" src=\"http:\/\/parafiaskrzydlna.pl\/wp-content\/uploads\/2022\/01\/20200905_193038-1024x768.jpg\" alt=\"\" data-id=\"693\" data-full-url=\"http:\/\/parafiaskrzydlna.pl\/wp-content\/uploads\/2022\/01\/20200905_193038.jpg\" data-link=\"http:\/\/parafiaskrzydlna.pl\/index.php\/kosciol-parafialny\/20200905_193038\/\" class=\"wp-image-693\" srcset=\"https:\/\/parafiaskrzydlna.pl\/wp-content\/uploads\/2022\/01\/20200905_193038-1024x768.jpg 1024w, https:\/\/parafiaskrzydlna.pl\/wp-content\/uploads\/2022\/01\/20200905_193038-300x225.jpg 300w, https:\/\/parafiaskrzydlna.pl\/wp-content\/uploads\/2022\/01\/20200905_193038-768x576.jpg 768w, https:\/\/parafiaskrzydlna.pl\/wp-content\/uploads\/2022\/01\/20200905_193038-1536x1152.jpg 1536w, https:\/\/parafiaskrzydlna.pl\/wp-content\/uploads\/2022\/01\/20200905_193038.jpg 1600w\" sizes=\"(max-width: 1024px) 100vw, 1024px\" \/><\/figure><\/li><li class=\"blocks-gallery-item\"><figure><img loading=\"lazy\" decoding=\"async\" width=\"768\" height=\"1024\" src=\"http:\/\/parafiaskrzydlna.pl\/wp-content\/uploads\/2022\/01\/20200905_193051-768x1024.jpg\" alt=\"\" data-id=\"694\" data-full-url=\"http:\/\/parafiaskrzydlna.pl\/wp-content\/uploads\/2022\/01\/20200905_193051.jpg\" data-link=\"http:\/\/parafiaskrzydlna.pl\/index.php\/kosciol-parafialny\/20200905_193051\/\" class=\"wp-image-694\" srcset=\"https:\/\/parafiaskrzydlna.pl\/wp-content\/uploads\/2022\/01\/20200905_193051-768x1024.jpg 768w, https:\/\/parafiaskrzydlna.pl\/wp-content\/uploads\/2022\/01\/20200905_193051-225x300.jpg 225w, https:\/\/parafiaskrzydlna.pl\/wp-content\/uploads\/2022\/01\/20200905_193051-1152x1536.jpg 1152w, https:\/\/parafiaskrzydlna.pl\/wp-content\/uploads\/2022\/01\/20200905_193051.jpg 1200w\" sizes=\"(max-width: 768px) 100vw, 768px\" \/><\/figure><\/li><li class=\"blocks-gallery-item\"><figure><img loading=\"lazy\" decoding=\"async\" width=\"1024\" height=\"768\" src=\"http:\/\/parafiaskrzydlna.pl\/wp-content\/uploads\/2022\/01\/20200905_193102-1024x768.jpg\" alt=\"\" data-id=\"696\" data-full-url=\"http:\/\/parafiaskrzydlna.pl\/wp-content\/uploads\/2022\/01\/20200905_193102.jpg\" data-link=\"http:\/\/parafiaskrzydlna.pl\/index.php\/kosciol-parafialny\/20200905_193102\/\" class=\"wp-image-696\" srcset=\"https:\/\/parafiaskrzydlna.pl\/wp-content\/uploads\/2022\/01\/20200905_193102-1024x768.jpg 1024w, https:\/\/parafiaskrzydlna.pl\/wp-content\/uploads\/2022\/01\/20200905_193102-300x225.jpg 300w, https:\/\/parafiaskrzydlna.pl\/wp-content\/uploads\/2022\/01\/20200905_193102-768x576.jpg 768w, https:\/\/parafiaskrzydlna.pl\/wp-content\/uploads\/2022\/01\/20200905_193102-1536x1152.jpg 1536w, https:\/\/parafiaskrzydlna.pl\/wp-content\/uploads\/2022\/01\/20200905_193102.jpg 1600w\" sizes=\"(max-width: 1024px) 100vw, 1024px\" \/><\/figure><\/li><li class=\"blocks-gallery-item\"><figure><img loading=\"lazy\" decoding=\"async\" width=\"1024\" height=\"768\" src=\"http:\/\/parafiaskrzydlna.pl\/wp-content\/uploads\/2022\/01\/20200905_193150-1024x768.jpg\" alt=\"\" data-id=\"697\" data-full-url=\"http:\/\/parafiaskrzydlna.pl\/wp-content\/uploads\/2022\/01\/20200905_193150.jpg\" data-link=\"http:\/\/parafiaskrzydlna.pl\/index.php\/kosciol-parafialny\/20200905_193150\/\" class=\"wp-image-697\" srcset=\"https:\/\/parafiaskrzydlna.pl\/wp-content\/uploads\/2022\/01\/20200905_193150-1024x768.jpg 1024w, https:\/\/parafiaskrzydlna.pl\/wp-content\/uploads\/2022\/01\/20200905_193150-300x225.jpg 300w, https:\/\/parafiaskrzydlna.pl\/wp-content\/uploads\/2022\/01\/20200905_193150-768x576.jpg 768w, https:\/\/parafiaskrzydlna.pl\/wp-content\/uploads\/2022\/01\/20200905_193150-1536x1152.jpg 1536w, https:\/\/parafiaskrzydlna.pl\/wp-content\/uploads\/2022\/01\/20200905_193150.jpg 1600w\" sizes=\"(max-width: 1024px) 100vw, 1024px\" \/><\/figure><\/li><li class=\"blocks-gallery-item\"><figure><img loading=\"lazy\" decoding=\"async\" width=\"1024\" height=\"768\" src=\"http:\/\/parafiaskrzydlna.pl\/wp-content\/uploads\/2022\/01\/20200905_193521-1024x768.jpg\" alt=\"\" data-id=\"698\" data-full-url=\"http:\/\/parafiaskrzydlna.pl\/wp-content\/uploads\/2022\/01\/20200905_193521.jpg\" data-link=\"http:\/\/parafiaskrzydlna.pl\/index.php\/kosciol-parafialny\/20200905_193521\/\" class=\"wp-image-698\" srcset=\"https:\/\/parafiaskrzydlna.pl\/wp-content\/uploads\/2022\/01\/20200905_193521-1024x768.jpg 1024w, https:\/\/parafiaskrzydlna.pl\/wp-content\/uploads\/2022\/01\/20200905_193521-300x225.jpg 300w, https:\/\/parafiaskrzydlna.pl\/wp-content\/uploads\/2022\/01\/20200905_193521-768x576.jpg 768w, https:\/\/parafiaskrzydlna.pl\/wp-content\/uploads\/2022\/01\/20200905_193521-1536x1152.jpg 1536w, https:\/\/parafiaskrzydlna.pl\/wp-content\/uploads\/2022\/01\/20200905_193521.jpg 1600w\" sizes=\"(max-width: 1024px) 100vw, 1024px\" \/><\/figure><\/li><li class=\"blocks-gallery-item\"><figure><img loading=\"lazy\" decoding=\"async\" width=\"768\" height=\"1024\" src=\"http:\/\/parafiaskrzydlna.pl\/wp-content\/uploads\/2022\/01\/20200906_120102-768x1024.jpg\" alt=\"\" data-id=\"699\" data-full-url=\"http:\/\/parafiaskrzydlna.pl\/wp-content\/uploads\/2022\/01\/20200906_120102.jpg\" data-link=\"http:\/\/parafiaskrzydlna.pl\/index.php\/kosciol-parafialny\/20200906_120102\/\" class=\"wp-image-699\" srcset=\"https:\/\/parafiaskrzydlna.pl\/wp-content\/uploads\/2022\/01\/20200906_120102-768x1024.jpg 768w, https:\/\/parafiaskrzydlna.pl\/wp-content\/uploads\/2022\/01\/20200906_120102-225x300.jpg 225w, https:\/\/parafiaskrzydlna.pl\/wp-content\/uploads\/2022\/01\/20200906_120102-1152x1536.jpg 1152w, https:\/\/parafiaskrzydlna.pl\/wp-content\/uploads\/2022\/01\/20200906_120102.jpg 1200w\" sizes=\"(max-width: 768px) 100vw, 768px\" \/><\/figure><\/li><li class=\"blocks-gallery-item\"><figure><img loading=\"lazy\" decoding=\"async\" width=\"1024\" height=\"768\" src=\"http:\/\/parafiaskrzydlna.pl\/wp-content\/uploads\/2022\/01\/20200906_120245-1024x768.jpg\" alt=\"\" data-id=\"700\" data-full-url=\"http:\/\/parafiaskrzydlna.pl\/wp-content\/uploads\/2022\/01\/20200906_120245.jpg\" data-link=\"http:\/\/parafiaskrzydlna.pl\/index.php\/kosciol-parafialny\/20200906_120245\/\" class=\"wp-image-700\" srcset=\"https:\/\/parafiaskrzydlna.pl\/wp-content\/uploads\/2022\/01\/20200906_120245-1024x768.jpg 1024w, https:\/\/parafiaskrzydlna.pl\/wp-content\/uploads\/2022\/01\/20200906_120245-300x225.jpg 300w, https:\/\/parafiaskrzydlna.pl\/wp-content\/uploads\/2022\/01\/20200906_120245-768x576.jpg 768w, https:\/\/parafiaskrzydlna.pl\/wp-content\/uploads\/2022\/01\/20200906_120245-1536x1152.jpg 1536w, https:\/\/parafiaskrzydlna.pl\/wp-content\/uploads\/2022\/01\/20200906_120245.jpg 1600w\" sizes=\"(max-width: 1024px) 100vw, 1024px\" \/><\/figure><\/li><li class=\"blocks-gallery-item\"><figure><img loading=\"lazy\" decoding=\"async\" width=\"1024\" height=\"768\" src=\"http:\/\/parafiaskrzydlna.pl\/wp-content\/uploads\/2022\/01\/20200906_120338-1024x768.jpg\" alt=\"\" data-id=\"701\" data-full-url=\"http:\/\/parafiaskrzydlna.pl\/wp-content\/uploads\/2022\/01\/20200906_120338.jpg\" data-link=\"http:\/\/parafiaskrzydlna.pl\/index.php\/kosciol-parafialny\/20200906_120338\/\" class=\"wp-image-701\" srcset=\"https:\/\/parafiaskrzydlna.pl\/wp-content\/uploads\/2022\/01\/20200906_120338-1024x768.jpg 1024w, https:\/\/parafiaskrzydlna.pl\/wp-content\/uploads\/2022\/01\/20200906_120338-300x225.jpg 300w, https:\/\/parafiaskrzydlna.pl\/wp-content\/uploads\/2022\/01\/20200906_120338-768x576.jpg 768w, https:\/\/parafiaskrzydlna.pl\/wp-content\/uploads\/2022\/01\/20200906_120338-1536x1152.jpg 1536w, https:\/\/parafiaskrzydlna.pl\/wp-content\/uploads\/2022\/01\/20200906_120338.jpg 1600w\" sizes=\"(max-width: 1024px) 100vw, 1024px\" \/><\/figure><\/li><li class=\"blocks-gallery-item\"><figure><img loading=\"lazy\" decoding=\"async\" width=\"768\" height=\"1024\" src=\"http:\/\/parafiaskrzydlna.pl\/wp-content\/uploads\/2022\/01\/20200906_120403-768x1024.jpg\" alt=\"\" data-id=\"702\" data-full-url=\"http:\/\/parafiaskrzydlna.pl\/wp-content\/uploads\/2022\/01\/20200906_120403.jpg\" data-link=\"http:\/\/parafiaskrzydlna.pl\/index.php\/kosciol-parafialny\/20200906_120403\/\" class=\"wp-image-702\" srcset=\"https:\/\/parafiaskrzydlna.pl\/wp-content\/uploads\/2022\/01\/20200906_120403-768x1024.jpg 768w, https:\/\/parafiaskrzydlna.pl\/wp-content\/uploads\/2022\/01\/20200906_120403-225x300.jpg 225w, https:\/\/parafiaskrzydlna.pl\/wp-content\/uploads\/2022\/01\/20200906_120403-1152x1536.jpg 1152w, https:\/\/parafiaskrzydlna.pl\/wp-content\/uploads\/2022\/01\/20200906_120403.jpg 1200w\" sizes=\"(max-width: 768px) 100vw, 768px\" \/><\/figure><\/li><li class=\"blocks-gallery-item\"><figure><img loading=\"lazy\" decoding=\"async\" width=\"768\" height=\"1024\" src=\"http:\/\/parafiaskrzydlna.pl\/wp-content\/uploads\/2022\/01\/20200906_120455-768x1024.jpg\" alt=\"\" data-id=\"703\" data-full-url=\"http:\/\/parafiaskrzydlna.pl\/wp-content\/uploads\/2022\/01\/20200906_120455.jpg\" data-link=\"http:\/\/parafiaskrzydlna.pl\/index.php\/kosciol-parafialny\/20200906_120455\/\" class=\"wp-image-703\" srcset=\"https:\/\/parafiaskrzydlna.pl\/wp-content\/uploads\/2022\/01\/20200906_120455-768x1024.jpg 768w, https:\/\/parafiaskrzydlna.pl\/wp-content\/uploads\/2022\/01\/20200906_120455-225x300.jpg 225w, https:\/\/parafiaskrzydlna.pl\/wp-content\/uploads\/2022\/01\/20200906_120455-1152x1536.jpg 1152w, https:\/\/parafiaskrzydlna.pl\/wp-content\/uploads\/2022\/01\/20200906_120455.jpg 1200w\" sizes=\"(max-width: 768px) 100vw, 768px\" \/><\/figure><\/li><li class=\"blocks-gallery-item\"><figure><img loading=\"lazy\" decoding=\"async\" width=\"1024\" height=\"768\" src=\"http:\/\/parafiaskrzydlna.pl\/wp-content\/uploads\/2022\/01\/20200906_120624-1024x768.jpg\" alt=\"\" data-id=\"705\" data-full-url=\"http:\/\/parafiaskrzydlna.pl\/wp-content\/uploads\/2022\/01\/20200906_120624.jpg\" data-link=\"http:\/\/parafiaskrzydlna.pl\/index.php\/kosciol-parafialny\/20200906_120624\/\" class=\"wp-image-705\" srcset=\"https:\/\/parafiaskrzydlna.pl\/wp-content\/uploads\/2022\/01\/20200906_120624-1024x768.jpg 1024w, https:\/\/parafiaskrzydlna.pl\/wp-content\/uploads\/2022\/01\/20200906_120624-300x225.jpg 300w, https:\/\/parafiaskrzydlna.pl\/wp-content\/uploads\/2022\/01\/20200906_120624-768x576.jpg 768w, https:\/\/parafiaskrzydlna.pl\/wp-content\/uploads\/2022\/01\/20200906_120624-1536x1152.jpg 1536w, https:\/\/parafiaskrzydlna.pl\/wp-content\/uploads\/2022\/01\/20200906_120624.jpg 1600w\" sizes=\"(max-width: 1024px) 100vw, 1024px\" \/><\/figure><\/li><li class=\"blocks-gallery-item\"><figure><img loading=\"lazy\" decoding=\"async\" width=\"768\" height=\"1024\" src=\"http:\/\/parafiaskrzydlna.pl\/wp-content\/uploads\/2022\/01\/20200906_120633-768x1024.jpg\" alt=\"\" data-id=\"706\" data-full-url=\"http:\/\/parafiaskrzydlna.pl\/wp-content\/uploads\/2022\/01\/20200906_120633.jpg\" data-link=\"http:\/\/parafiaskrzydlna.pl\/index.php\/kosciol-parafialny\/20200906_120633\/\" class=\"wp-image-706\" srcset=\"https:\/\/parafiaskrzydlna.pl\/wp-content\/uploads\/2022\/01\/20200906_120633-768x1024.jpg 768w, https:\/\/parafiaskrzydlna.pl\/wp-content\/uploads\/2022\/01\/20200906_120633-225x300.jpg 225w, https:\/\/parafiaskrzydlna.pl\/wp-content\/uploads\/2022\/01\/20200906_120633-1152x1536.jpg 1152w, https:\/\/parafiaskrzydlna.pl\/wp-content\/uploads\/2022\/01\/20200906_120633.jpg 1200w\" sizes=\"(max-width: 768px) 100vw, 768px\" \/><\/figure><\/li><li class=\"blocks-gallery-item\"><figure><img loading=\"lazy\" decoding=\"async\" width=\"768\" height=\"1024\" src=\"http:\/\/parafiaskrzydlna.pl\/wp-content\/uploads\/2022\/01\/20200906_210032-768x1024.jpg\" alt=\"\" data-id=\"707\" data-full-url=\"http:\/\/parafiaskrzydlna.pl\/wp-content\/uploads\/2022\/01\/20200906_210032.jpg\" data-link=\"http:\/\/parafiaskrzydlna.pl\/index.php\/kosciol-parafialny\/20200906_210032\/\" class=\"wp-image-707\" srcset=\"https:\/\/parafiaskrzydlna.pl\/wp-content\/uploads\/2022\/01\/20200906_210032-768x1024.jpg 768w, https:\/\/parafiaskrzydlna.pl\/wp-content\/uploads\/2022\/01\/20200906_210032-225x300.jpg 225w, https:\/\/parafiaskrzydlna.pl\/wp-content\/uploads\/2022\/01\/20200906_210032-1152x1536.jpg 1152w, https:\/\/parafiaskrzydlna.pl\/wp-content\/uploads\/2022\/01\/20200906_210032.jpg 1200w\" sizes=\"(max-width: 768px) 100vw, 768px\" \/><\/figure><\/li><li class=\"blocks-gallery-item\"><figure><img loading=\"lazy\" decoding=\"async\" width=\"1024\" height=\"768\" src=\"http:\/\/parafiaskrzydlna.pl\/wp-content\/uploads\/2022\/01\/20200906_210152-1024x768.jpg\" alt=\"\" data-id=\"708\" data-full-url=\"http:\/\/parafiaskrzydlna.pl\/wp-content\/uploads\/2022\/01\/20200906_210152.jpg\" data-link=\"http:\/\/parafiaskrzydlna.pl\/index.php\/kosciol-parafialny\/20200906_210152\/\" class=\"wp-image-708\" srcset=\"https:\/\/parafiaskrzydlna.pl\/wp-content\/uploads\/2022\/01\/20200906_210152-1024x768.jpg 1024w, https:\/\/parafiaskrzydlna.pl\/wp-content\/uploads\/2022\/01\/20200906_210152-300x225.jpg 300w, https:\/\/parafiaskrzydlna.pl\/wp-content\/uploads\/2022\/01\/20200906_210152-768x576.jpg 768w, https:\/\/parafiaskrzydlna.pl\/wp-content\/uploads\/2022\/01\/20200906_210152-1536x1152.jpg 1536w, https:\/\/parafiaskrzydlna.pl\/wp-content\/uploads\/2022\/01\/20200906_210152.jpg 1600w\" sizes=\"(max-width: 1024px) 100vw, 1024px\" \/><\/figure><\/li><li class=\"blocks-gallery-item\"><figure><img loading=\"lazy\" decoding=\"async\" width=\"683\" height=\"1024\" src=\"http:\/\/parafiaskrzydlna.pl\/wp-content\/uploads\/2022\/01\/DSC_0009-683x1024.jpg\" alt=\"\" data-id=\"709\" data-full-url=\"http:\/\/parafiaskrzydlna.pl\/wp-content\/uploads\/2022\/01\/DSC_0009.jpg\" data-link=\"http:\/\/parafiaskrzydlna.pl\/index.php\/kosciol-parafialny\/dsc_0009\/\" class=\"wp-image-709\" srcset=\"https:\/\/parafiaskrzydlna.pl\/wp-content\/uploads\/2022\/01\/DSC_0009-683x1024.jpg 683w, https:\/\/parafiaskrzydlna.pl\/wp-content\/uploads\/2022\/01\/DSC_0009-200x300.jpg 200w, https:\/\/parafiaskrzydlna.pl\/wp-content\/uploads\/2022\/01\/DSC_0009-768x1152.jpg 768w, https:\/\/parafiaskrzydlna.pl\/wp-content\/uploads\/2022\/01\/DSC_0009-1024x1536.jpg 1024w, https:\/\/parafiaskrzydlna.pl\/wp-content\/uploads\/2022\/01\/DSC_0009.jpg 1067w\" sizes=\"(max-width: 683px) 100vw, 683px\" \/><\/figure><\/li><\/ul><\/figure>\n","protected":false},"excerpt":{"rendered":"","protected":false},"author":1,"featured_media":0,"parent":0,"menu_order":0,"comment_status":"closed","ping_status":"closed","template":"","meta":{"footnotes":""},"_links":{"self":[{"href":"https:\/\/parafiaskrzydlna.pl\/index.php\/wp-json\/wp\/v2\/pages\/120"}],"collection":[{"href":"https:\/\/parafiaskrzydlna.pl\/index.php\/wp-json\/wp\/v2\/pages"}],"about":[{"href":"https:\/\/parafiaskrzydlna.pl\/index.php\/wp-json\/wp\/v2\/types\/page"}],"author":[{"embeddable":true,"href":"https:\/\/parafiaskrzydlna.pl\/index.php\/wp-json\/wp\/v2\/users\/1"}],"replies":[{"embeddable":true,"href":"https:\/\/parafiaskrzydlna.pl\/index.php\/wp-json\/wp\/v2\/comments?post=120"}],"version-history":[{"count":5,"href":"https:\/\/parafiaskrzydlna.pl\/index.php\/wp-json\/wp\/v2\/pages\/120\/revisions"}],"predecessor-version":[{"id":710,"href":"https:\/\/parafiaskrzydlna.pl\/index.php\/wp-json\/wp\/v2\/pages\/120\/revisions\/710"}],"wp:attachment":[{"href":"https:\/\/parafiaskrzydlna.pl\/index.php\/wp-json\/wp\/v2\/media?parent=120"}],"curies":[{"name":"wp","href":"https:\/\/api.w.org\/{rel}","templated":true}]}}